{"id":129,"date":"2025-12-09T15:31:24","date_gmt":"2025-12-09T14:31:24","guid":{"rendered":"https:\/\/renaissance55.fr\/?page_id=129"},"modified":"2025-12-14T17:09:07","modified_gmt":"2025-12-14T16:09:07","slug":"qui-suis-je-2","status":"publish","type":"page","link":"https:\/\/renaissance55.fr\/index.php\/qui-suis-je-2\/","title":{"rendered":"Qui suis-je ?"},"content":{"rendered":"\t\t<div data-elementor-type=\"wp-page\" data-elementor-id=\"129\" class=\"elementor elementor-129\">\n\t\t\t\t<div class=\"elementor-element elementor-element-09f4e07 e-flex e-con-boxed e-con e-parent\" data-id=\"09f4e07\" data-element_type=\"container\">\n\t\t\t\t\t<div class=\"e-con-inner\">\n\t\t\t\t<div class=\"elementor-element elementor-element-63f345f elementor-widget elementor-widget-heading\" data-id=\"63f345f\" data-element_type=\"widget\" data-widget_type=\"heading.default\">\n\t\t\t\t\t<h1 class=\"elementor-heading-title elementor-size-default\">Qui suis-je ?<\/h1>\t\t\t\t<\/div>\n\t\t\t\t<div class=\"elementor-element elementor-element-ef60bb5 elementor-widget elementor-widget-image\" data-id=\"ef60bb5\" data-element_type=\"widget\" data-widget_type=\"image.default\">\n\t\t\t\t\t\t\t\t\t\t\t\t\t\t\t<img fetchpriority=\"high\" decoding=\"async\" width=\"768\" height=\"930\" src=\"https:\/\/renaissance55.fr\/wp-content\/uploads\/2025\/12\/Capture-decran-2025-12-14-a-11.35.53-768x930.png\" class=\"attachment-medium_large size-medium_large wp-image-503\" alt=\"\" srcset=\"https:\/\/renaissance55.fr\/wp-content\/uploads\/2025\/12\/Capture-decran-2025-12-14-a-11.35.53-768x930.png 768w, https:\/\/renaissance55.fr\/wp-content\/uploads\/2025\/12\/Capture-decran-2025-12-14-a-11.35.53-248x300.png 248w, https:\/\/renaissance55.fr\/wp-content\/uploads\/2025\/12\/Capture-decran-2025-12-14-a-11.35.53-846x1024.png 846w, https:\/\/renaissance55.fr\/wp-content\/uploads\/2025\/12\/Capture-decran-2025-12-14-a-11.35.53-1269x1536.png 1269w, https:\/\/renaissance55.fr\/wp-content\/uploads\/2025\/12\/Capture-decran-2025-12-14-a-11.35.53.png 1452w\" sizes=\"(max-width: 768px) 100vw, 768px\" \/>\t\t\t\t\t\t\t\t\t\t\t\t\t\t\t<\/div>\n\t\t\t\t<div class=\"elementor-element elementor-element-6b7853a elementor-widget elementor-widget-text-editor\" data-id=\"6b7853a\" data-element_type=\"widget\" data-widget_type=\"text-editor.default\">\n\t\t\t\t\t\t\t\t\t<p data-start=\"486\" data-end=\"530\">Je m\u2019appelle <strong data-start=\"499\" data-end=\"529\">Pierre-Olivier Costagliola<\/strong>. <br \/>Apr\u00e8s plus de <strong data-start=\"546\" data-end=\"588\">quarante ann\u00e9es de vie professionnelle intense en qualit\u00e9 d&rsquo;ing\u00e9nieur<\/strong>, j\u2019ai souhait\u00e9 prendre le temps de r\u00e9fl\u00e9chir \u00e0 ce que pouvait devenir cette nouvelle \u00e9tape de vie que l\u2019on appelle, trop vite, \u00ab la retraite \u00bb. <br \/>C\u2019est de cette r\u00e9flexion personnelle, exigeante et lucide qu\u2019est n\u00e9 <strong data-start=\"802\" data-end=\"819\">Renaissance55<\/strong>.<\/p>\t\t\t\t\t\t\t\t<\/div>\n\t\t\t\t\t<\/div>\n\t\t\t\t<\/div>\n\t\t<div class=\"elementor-element elementor-element-ca569ad e-flex e-con-boxed e-con e-parent\" data-id=\"ca569ad\" data-element_type=\"container\">\n\t\t\t\t\t<div class=\"e-con-inner\">\n\t\t\t\t<div class=\"elementor-element elementor-element-bff38c3 elementor-widget-divider--view-line elementor-widget elementor-widget-divider\" data-id=\"bff38c3\" data-element_type=\"widget\" data-widget_type=\"divider.default\">\n\t\t\t\t\t\t\t<div class=\"elementor-divider\">\n\t\t\t<span class=\"elementor-divider-separator\">\n\t\t\t\t\t\t<\/span>\n\t\t<\/div>\n\t\t\t\t\t\t<\/div>\n\t\t\t\t<div class=\"elementor-element elementor-element-90e3f49 elementor-widget elementor-widget-heading\" data-id=\"90e3f49\" data-element_type=\"widget\" data-widget_type=\"heading.default\">\n\t\t\t\t\t<h2 class=\"elementor-heading-title elementor-size-default\">Un parcours ancr\u00e9 dans le r\u00e9el<\/h2>\t\t\t\t<\/div>\n\t\t\t\t<div class=\"elementor-element elementor-element-160c3dc elementor-widget elementor-widget-text-editor\" data-id=\"160c3dc\" data-element_type=\"widget\" data-widget_type=\"text-editor.default\">\n\t\t\t\t\t\t\t\t\t<p data-start=\"932\" data-end=\"1088\">Mon parcours s\u2019est construit au sein de <strong data-start=\"972\" data-end=\"999\">grands groupes fran\u00e7ais<\/strong>, dans des environnements exigeants, orient\u00e9s <strong data-start=\"1045\" data-end=\"1087\">r\u00e9sultats, structure et responsabilit\u00e9<\/strong>. <br \/>J\u2019y ai exerc\u00e9 des fonctions de <strong data-start=\"1121\" data-end=\"1172\">pilotage, d\u2019accompagnement et de transformation<\/strong>, au contact de dirigeants, d\u2019\u00e9quipes et d\u2019organisations confront\u00e9es \u00e0 des enjeux complexes. <br \/>Cette exp\u00e9rience m\u2019a appris une chose essentielle :<br data-start=\"1317\" data-end=\"1320\" \/>\ud83d\udc49 <strong data-start=\"1323\" data-end=\"1399\">les transformations durables ne se d\u00e9cr\u00e8tent pas, elles se construisent.<\/strong><\/p>\t\t\t\t\t\t\t\t<\/div>\n\t\t\t\t<div class=\"elementor-element elementor-element-b914832 elementor-widget-divider--view-line elementor-widget elementor-widget-divider\" data-id=\"b914832\" data-element_type=\"widget\" data-widget_type=\"divider.default\">\n\t\t\t\t\t\t\t<div class=\"elementor-divider\">\n\t\t\t<span class=\"elementor-divider-separator\">\n\t\t\t\t\t\t<\/span>\n\t\t<\/div>\n\t\t\t\t\t\t<\/div>\n\t\t\t\t<div class=\"elementor-element elementor-element-793516b elementor-widget elementor-widget-heading\" data-id=\"793516b\" data-element_type=\"widget\" data-widget_type=\"heading.default\">\n\t\t\t\t\t<h2 class=\"elementor-heading-title elementor-size-default\">Pourquoi Renaissance55 ?<\/h2>\t\t\t\t<\/div>\n\t\t\t\t<div class=\"elementor-element elementor-element-b7e28c1 elementor-widget elementor-widget-text-editor\" data-id=\"b7e28c1\" data-element_type=\"widget\" data-widget_type=\"text-editor.default\">\n\t\t\t\t\t\t\t\t\t<p data-start=\"1480\" data-end=\"1542\">\u00c0 l\u2019approche de la transition 55+, j\u2019ai constat\u00e9 un paradoxe : <br \/>* plus de libert\u00e9, <br \/>* moins de pression, <br \/>* mais aussi parfois une <strong data-start=\"1609\" data-end=\"1629\">perte de rep\u00e8res<\/strong>, de rythme ou de sens. <br \/>Renaissance55 est n\u00e9 pour r\u00e9pondre \u00e0 cette r\u00e9alit\u00e9, sans injonction ni mod\u00e8le impos\u00e9.<br data-start=\"1739\" data-end=\"1742\" \/>Il propose un <strong data-start=\"1756\" data-end=\"1777\">cadre structurant<\/strong>, des <strong data-start=\"1783\" data-end=\"1802\">outils concrets<\/strong> et une <strong data-start=\"1810\" data-end=\"1835\">approche respectueuse<\/strong>, pour transformer cette p\u00e9riode en une <strong data-start=\"1875\" data-end=\"1901\">renaissance consciente<\/strong>.<\/p>\t\t\t\t\t\t\t\t<\/div>\n\t\t\t\t<div class=\"elementor-element elementor-element-a56564d elementor-widget-divider--view-line elementor-widget elementor-widget-divider\" data-id=\"a56564d\" data-element_type=\"widget\" data-widget_type=\"divider.default\">\n\t\t\t\t\t\t\t<div class=\"elementor-divider\">\n\t\t\t<span class=\"elementor-divider-separator\">\n\t\t\t\t\t\t<\/span>\n\t\t<\/div>\n\t\t\t\t\t\t<\/div>\n\t\t\t\t<div class=\"elementor-element elementor-element-11b768e elementor-widget elementor-widget-heading\" data-id=\"11b768e\" data-element_type=\"widget\" data-widget_type=\"heading.default\">\n\t\t\t\t\t<h2 class=\"elementor-heading-title elementor-size-default\">Une approche personnelle, mais pas solitaire<\/h2>\t\t\t\t<\/div>\n\t\t\t\t<div class=\"elementor-element elementor-element-87b425f elementor-widget elementor-widget-text-editor\" data-id=\"87b425f\" data-element_type=\"widget\" data-widget_type=\"text-editor.default\">\n\t\t\t\t\t\t\t\t\t<p data-start=\"2003\" data-end=\"2077\">Renaissance55 n\u2019est ni une m\u00e9thode th\u00e9orique, ni un programme standardis\u00e9. <br \/>C\u2019est une d\u00e9marche : <br \/>* nourrie par l\u2019exp\u00e9rience, <br \/>* enrichie par la culture, <br \/>* structur\u00e9e par la r\u00e9flexion, <br \/>* ouverte \u00e0 la technologie (IA), <br \/>* profond\u00e9ment humaine. <br \/>Chaque pilier du programme correspond \u00e0 une dimension que j\u2019ai moi-m\u00eame explor\u00e9e, interrog\u00e9e et mise en pratique.<\/p>\t\t\t\t\t\t\t\t<\/div>\n\t\t\t\t<div class=\"elementor-element elementor-element-07dc5f7 elementor-widget-divider--view-line elementor-widget elementor-widget-divider\" data-id=\"07dc5f7\" data-element_type=\"widget\" data-widget_type=\"divider.default\">\n\t\t\t\t\t\t\t<div class=\"elementor-divider\">\n\t\t\t<span class=\"elementor-divider-separator\">\n\t\t\t\t\t\t<\/span>\n\t\t<\/div>\n\t\t\t\t\t\t<\/div>\n\t\t\t\t<div class=\"elementor-element elementor-element-8ac8411 elementor-widget elementor-widget-heading\" data-id=\"8ac8411\" data-element_type=\"widget\" data-widget_type=\"heading.default\">\n\t\t\t\t\t<h2 class=\"elementor-heading-title elementor-size-default\">Ma posture<\/h2>\t\t\t\t<\/div>\n\t\t\t\t<div class=\"elementor-element elementor-element-6f43e96 elementor-widget elementor-widget-text-editor\" data-id=\"6f43e96\" data-element_type=\"widget\" data-widget_type=\"text-editor.default\">\n\t\t\t\t\t\t\t\t\t<p data-start=\"2424\" data-end=\"2488\">Je ne me positionne ni comme gourou, ni comme donneur de le\u00e7ons. <br \/>Ma posture est simple : <br \/>* proposer un cadre, <br \/>* partager des rep\u00e8res, <br \/>* accompagner sans diriger, <br \/>* laisser \u00e0 chacun la libert\u00e9 de son chemin. <br \/>Renaissance55 s\u2019adresse \u00e0 celles et ceux qui veulent <strong data-start=\"2686\" data-end=\"2712\">penser leur transition<\/strong>, pas la subir.<\/p>\t\t\t\t\t\t\t\t<\/div>\n\t\t\t\t<div class=\"elementor-element elementor-element-b28f236 elementor-widget-divider--view-line elementor-widget elementor-widget-divider\" data-id=\"b28f236\" data-element_type=\"widget\" data-widget_type=\"divider.default\">\n\t\t\t\t\t\t\t<div class=\"elementor-divider\">\n\t\t\t<span class=\"elementor-divider-separator\">\n\t\t\t\t\t\t<\/span>\n\t\t<\/div>\n\t\t\t\t\t\t<\/div>\n\t\t\t\t<div class=\"elementor-element elementor-element-51481a1 elementor-widget elementor-widget-heading\" data-id=\"51481a1\" data-element_type=\"widget\" data-widget_type=\"heading.default\">\n\t\t\t\t\t<h2 class=\"elementor-heading-title elementor-size-default\">Renaissance55 est avant tout une invitation : celle de redevenir pleinement acteur de sa deuxi\u00e8me vie.<\/h2>\t\t\t\t<\/div>\n\t\t\t\t<div class=\"elementor-element elementor-element-88d3c43 elementor-widget-divider--view-line elementor-widget elementor-widget-divider\" data-id=\"88d3c43\" data-element_type=\"widget\" data-widget_type=\"divider.default\">\n\t\t\t\t\t\t\t<div class=\"elementor-divider\">\n\t\t\t<span class=\"elementor-divider-separator\">\n\t\t\t\t\t\t<\/span>\n\t\t<\/div>\n\t\t\t\t\t\t<\/div>\n\t\t\t\t\t<\/div>\n\t\t\t\t<\/div>\n\t\t<div class=\"elementor-element elementor-element-7ce2858 e-flex e-con-boxed e-con e-parent\" data-id=\"7ce2858\" data-element_type=\"container\">\n\t\t\t\t\t<div class=\"e-con-inner\">\n\t\t\t\t<div class=\"elementor-element elementor-element-040acea elementor-align-center elementor-widget elementor-widget-button\" data-id=\"040acea\" data-element_type=\"widget\" data-widget_type=\"button.default\">\n\t\t\t\t\t\t\t\t\t\t<a class=\"elementor-button elementor-button-link elementor-size-sm\" href=\"https:\/\/renaissance55.fr\/index.php\/contact\/\">\n\t\t\t\t\t\t<span class=\"elementor-button-content-wrapper\">\n\t\t\t\t\t\t\t\t\t<span class=\"elementor-button-text\">Nous contacter<\/span>\n\t\t\t\t\t<\/span>\n\t\t\t\t\t<\/a>\n\t\t\t\t\t\t\t\t<\/div>\n\t\t\t\t\t<\/div>\n\t\t\t\t<\/div>\n\t\t\t\t<\/div>\n\t\t","protected":false},"excerpt":{"rendered":"<p>Qui suis-je ? Je m\u2019appelle Pierre-Olivier Costagliola. Apr\u00e8s plus de quarante ann\u00e9es de vie professionnelle intense en qualit\u00e9 d&rsquo;ing\u00e9nieur, j\u2019ai [&hellip;]<\/p>\n","protected":false},"author":1,"featured_media":0,"parent":0,"menu_order":0,"comment_status":"closed","ping_status":"closed","template":"","meta":{"site-sidebar-layout":"no-sidebar","site-content-layout":"","ast-site-content-layout":"full-width-container","site-content-style":"default","site-sidebar-style":"default","ast-global-header-display":"","ast-banner-title-visibility":"","ast-main-header-display":"","ast-hfb-above-header-display":"","ast-hfb-below-header-display":"","ast-hfb-mobile-header-display":"","site-post-title":"","ast-breadcrumbs-content":"","ast-featured-img":"disabled","footer-sml-layout":"","theme-transparent-header-meta":"","adv-header-id-meta":"","stick-header-meta":"","header-above-stick-meta":"","header-main-stick-meta":"","header-below-stick-meta":"","astra-migrate-meta-layouts":"default","ast-page-background-enabled":"default","ast-page-background-meta":{"desktop":{"background-color":"var(--ast-global-color-5)","background-image":"","background-repeat":"repeat","background-position":"center center","background-size":"auto","background-attachment":"scroll","background-type":"","background-media":"","overlay-type":"","overlay-color":"","overlay-opacity":"","overlay-gradient":""},"tablet":{"background-color":"","background-image":"","background-repeat":"repeat","background-position":"center center","background-size":"auto","background-attachment":"scroll","background-type":"","background-media":"","overlay-type":"","overlay-color":"","overlay-opacity":"","overlay-gradient":""},"mobile":{"background-color":"","background-image":"","background-repeat":"repeat","background-position":"center center","background-size":"auto","background-attachment":"scroll","background-type":"","background-media":"","overlay-type":"","overlay-color":"","overlay-opacity":"","overlay-gradient":""}},"ast-content-background-meta":{"desktop":{"background-color":"var(--ast-global-color-4)","background-image":"","background-repeat":"repeat","background-position":"center center","background-size":"auto","background-attachment":"scroll","background-type":"","background-media":"","overlay-type":"","overlay-color":"","overlay-opacity":"","overlay-gradient":""},"tablet":{"background-color":"var(--ast-global-color-4)","background-image":"","background-repeat":"repeat","background-position":"center center","background-size":"auto","background-attachment":"scroll","background-type":"","background-media":"","overlay-type":"","overlay-color":"","overlay-opacity":"","overlay-gradient":""},"mobile":{"background-color":"var(--ast-global-color-4)","background-image":"","background-repeat":"repeat","background-position":"center center","background-size":"auto","background-attachment":"scroll","background-type":"","background-media":"","overlay-type":"","overlay-color":"","overlay-opacity":"","overlay-gradient":""}},"footnotes":""},"class_list":["post-129","page","type-page","status-publish","hentry"],"yoast_head":"<!-- This site is optimized with the Yoast SEO plugin v26.5 - https:\/\/yoast.com\/wordpress\/plugins\/seo\/ -->\n<title>Qui suis-je ? - Renaissance55<\/title>\n<meta name=\"robots\" content=\"index, follow, max-snippet:-1, max-image-preview:large, max-video-preview:-1\" \/>\n<link rel=\"canonical\" href=\"https:\/\/renaissance55.fr\/index.php\/qui-suis-je-2\/\" \/>\n<meta property=\"og:locale\" content=\"fr_FR\" \/>\n<meta property=\"og:type\" content=\"article\" \/>\n<meta property=\"og:title\" content=\"Qui suis-je ? - Renaissance55\" \/>\n<meta property=\"og:description\" content=\"Qui suis-je ? Je m\u2019appelle Pierre-Olivier Costagliola. Apr\u00e8s plus de quarante ann\u00e9es de vie professionnelle intense en qualit\u00e9 d&rsquo;ing\u00e9nieur, j\u2019ai [&hellip;]\" \/>\n<meta property=\"og:url\" content=\"https:\/\/renaissance55.fr\/index.php\/qui-suis-je-2\/\" \/>\n<meta property=\"og:site_name\" content=\"Renaissance55\" \/>\n<meta property=\"article:modified_time\" content=\"2025-12-14T16:09:07+00:00\" \/>\n<meta property=\"og:image\" content=\"https:\/\/renaissance55.fr\/wp-content\/uploads\/2025\/12\/Capture-decran-2025-12-14-a-11.35.53-846x1024.png\" \/>\n\t<meta property=\"og:image:width\" content=\"846\" \/>\n\t<meta property=\"og:image:height\" content=\"1024\" \/>\n\t<meta property=\"og:image:type\" content=\"image\/png\" \/>\n<meta name=\"twitter:card\" content=\"summary_large_image\" \/>\n<meta name=\"twitter:label1\" content=\"Dur\u00e9e de lecture estim\u00e9e\" \/>\n\t<meta name=\"twitter:data1\" content=\"2 minutes\" \/>\n<script type=\"application\/ld+json\" class=\"yoast-schema-graph\">{\"@context\":\"https:\/\/schema.org\",\"@graph\":[{\"@type\":\"WebPage\",\"@id\":\"https:\/\/renaissance55.fr\/index.php\/qui-suis-je-2\/\",\"url\":\"https:\/\/renaissance55.fr\/index.php\/qui-suis-je-2\/\",\"name\":\"Qui suis-je ? - Renaissance55\",\"isPartOf\":{\"@id\":\"https:\/\/renaissance55.fr\/#website\"},\"primaryImageOfPage\":{\"@id\":\"https:\/\/renaissance55.fr\/index.php\/qui-suis-je-2\/#primaryimage\"},\"image\":{\"@id\":\"https:\/\/renaissance55.fr\/index.php\/qui-suis-je-2\/#primaryimage\"},\"thumbnailUrl\":\"https:\/\/renaissance55.fr\/wp-content\/uploads\/2025\/12\/Capture-decran-2025-12-14-a-11.35.53-768x930.png\",\"datePublished\":\"2025-12-09T14:31:24+00:00\",\"dateModified\":\"2025-12-14T16:09:07+00:00\",\"breadcrumb\":{\"@id\":\"https:\/\/renaissance55.fr\/index.php\/qui-suis-je-2\/#breadcrumb\"},\"inLanguage\":\"fr-FR\",\"potentialAction\":[{\"@type\":\"ReadAction\",\"target\":[\"https:\/\/renaissance55.fr\/index.php\/qui-suis-je-2\/\"]}]},{\"@type\":\"ImageObject\",\"inLanguage\":\"fr-FR\",\"@id\":\"https:\/\/renaissance55.fr\/index.php\/qui-suis-je-2\/#primaryimage\",\"url\":\"https:\/\/renaissance55.fr\/wp-content\/uploads\/2025\/12\/Capture-decran-2025-12-14-a-11.35.53.png\",\"contentUrl\":\"https:\/\/renaissance55.fr\/wp-content\/uploads\/2025\/12\/Capture-decran-2025-12-14-a-11.35.53.png\",\"width\":1452,\"height\":1758},{\"@type\":\"BreadcrumbList\",\"@id\":\"https:\/\/renaissance55.fr\/index.php\/qui-suis-je-2\/#breadcrumb\",\"itemListElement\":[{\"@type\":\"ListItem\",\"position\":1,\"name\":\"Accueil\",\"item\":\"https:\/\/renaissance55.fr\/\"},{\"@type\":\"ListItem\",\"position\":2,\"name\":\"Qui suis-je ?\"}]},{\"@type\":\"WebSite\",\"@id\":\"https:\/\/renaissance55.fr\/#website\",\"url\":\"https:\/\/renaissance55.fr\/\",\"name\":\"Renaissance55\",\"description\":\"Le programme de transformation personnelle 55+\",\"publisher\":{\"@id\":\"https:\/\/renaissance55.fr\/#organization\"},\"potentialAction\":[{\"@type\":\"SearchAction\",\"target\":{\"@type\":\"EntryPoint\",\"urlTemplate\":\"https:\/\/renaissance55.fr\/?s={search_term_string}\"},\"query-input\":{\"@type\":\"PropertyValueSpecification\",\"valueRequired\":true,\"valueName\":\"search_term_string\"}}],\"inLanguage\":\"fr-FR\"},{\"@type\":\"Organization\",\"@id\":\"https:\/\/renaissance55.fr\/#organization\",\"name\":\"Renaissance55\",\"url\":\"https:\/\/renaissance55.fr\/\",\"logo\":{\"@type\":\"ImageObject\",\"inLanguage\":\"fr-FR\",\"@id\":\"https:\/\/renaissance55.fr\/#\/schema\/logo\/image\/\",\"url\":\"https:\/\/renaissance55.fr\/wp-content\/uploads\/2025\/12\/Logo-de-Renaissance55-moderne-et-epure.jpg\",\"contentUrl\":\"https:\/\/renaissance55.fr\/wp-content\/uploads\/2025\/12\/Logo-de-Renaissance55-moderne-et-epure.jpg\",\"width\":1024,\"height\":1024,\"caption\":\"Renaissance55\"},\"image\":{\"@id\":\"https:\/\/renaissance55.fr\/#\/schema\/logo\/image\/\"},\"sameAs\":[\"https:\/\/www.linkedin.com\/in\/pierreoliviercostagliola\/\"]}]}<\/script>\n<!-- \/ Yoast SEO plugin. -->","yoast_head_json":{"title":"Qui suis-je ? - Renaissance55","robots":{"index":"index","follow":"follow","max-snippet":"max-snippet:-1","max-image-preview":"max-image-preview:large","max-video-preview":"max-video-preview:-1"},"canonical":"https:\/\/renaissance55.fr\/index.php\/qui-suis-je-2\/","og_locale":"fr_FR","og_type":"article","og_title":"Qui suis-je ? - Renaissance55","og_description":"Qui suis-je ? Je m\u2019appelle Pierre-Olivier Costagliola. Apr\u00e8s plus de quarante ann\u00e9es de vie professionnelle intense en qualit\u00e9 d&rsquo;ing\u00e9nieur, j\u2019ai [&hellip;]","og_url":"https:\/\/renaissance55.fr\/index.php\/qui-suis-je-2\/","og_site_name":"Renaissance55","article_modified_time":"2025-12-14T16:09:07+00:00","og_image":[{"width":846,"height":1024,"url":"https:\/\/renaissance55.fr\/wp-content\/uploads\/2025\/12\/Capture-decran-2025-12-14-a-11.35.53-846x1024.png","type":"image\/png"}],"twitter_card":"summary_large_image","twitter_misc":{"Dur\u00e9e de lecture estim\u00e9e":"2 minutes"},"schema":{"@context":"https:\/\/schema.org","@graph":[{"@type":"WebPage","@id":"https:\/\/renaissance55.fr\/index.php\/qui-suis-je-2\/","url":"https:\/\/renaissance55.fr\/index.php\/qui-suis-je-2\/","name":"Qui suis-je ? - Renaissance55","isPartOf":{"@id":"https:\/\/renaissance55.fr\/#website"},"primaryImageOfPage":{"@id":"https:\/\/renaissance55.fr\/index.php\/qui-suis-je-2\/#primaryimage"},"image":{"@id":"https:\/\/renaissance55.fr\/index.php\/qui-suis-je-2\/#primaryimage"},"thumbnailUrl":"https:\/\/renaissance55.fr\/wp-content\/uploads\/2025\/12\/Capture-decran-2025-12-14-a-11.35.53-768x930.png","datePublished":"2025-12-09T14:31:24+00:00","dateModified":"2025-12-14T16:09:07+00:00","breadcrumb":{"@id":"https:\/\/renaissance55.fr\/index.php\/qui-suis-je-2\/#breadcrumb"},"inLanguage":"fr-FR","potentialAction":[{"@type":"ReadAction","target":["https:\/\/renaissance55.fr\/index.php\/qui-suis-je-2\/"]}]},{"@type":"ImageObject","inLanguage":"fr-FR","@id":"https:\/\/renaissance55.fr\/index.php\/qui-suis-je-2\/#primaryimage","url":"https:\/\/renaissance55.fr\/wp-content\/uploads\/2025\/12\/Capture-decran-2025-12-14-a-11.35.53.png","contentUrl":"https:\/\/renaissance55.fr\/wp-content\/uploads\/2025\/12\/Capture-decran-2025-12-14-a-11.35.53.png","width":1452,"height":1758},{"@type":"BreadcrumbList","@id":"https:\/\/renaissance55.fr\/index.php\/qui-suis-je-2\/#breadcrumb","itemListElement":[{"@type":"ListItem","position":1,"name":"Accueil","item":"https:\/\/renaissance55.fr\/"},{"@type":"ListItem","position":2,"name":"Qui suis-je ?"}]},{"@type":"WebSite","@id":"https:\/\/renaissance55.fr\/#website","url":"https:\/\/renaissance55.fr\/","name":"Renaissance55","description":"Le programme de transformation personnelle 55+","publisher":{"@id":"https:\/\/renaissance55.fr\/#organization"},"potentialAction":[{"@type":"SearchAction","target":{"@type":"EntryPoint","urlTemplate":"https:\/\/renaissance55.fr\/?s={search_term_string}"},"query-input":{"@type":"PropertyValueSpecification","valueRequired":true,"valueName":"search_term_string"}}],"inLanguage":"fr-FR"},{"@type":"Organization","@id":"https:\/\/renaissance55.fr\/#organization","name":"Renaissance55","url":"https:\/\/renaissance55.fr\/","logo":{"@type":"ImageObject","inLanguage":"fr-FR","@id":"https:\/\/renaissance55.fr\/#\/schema\/logo\/image\/","url":"https:\/\/renaissance55.fr\/wp-content\/uploads\/2025\/12\/Logo-de-Renaissance55-moderne-et-epure.jpg","contentUrl":"https:\/\/renaissance55.fr\/wp-content\/uploads\/2025\/12\/Logo-de-Renaissance55-moderne-et-epure.jpg","width":1024,"height":1024,"caption":"Renaissance55"},"image":{"@id":"https:\/\/renaissance55.fr\/#\/schema\/logo\/image\/"},"sameAs":["https:\/\/www.linkedin.com\/in\/pierreoliviercostagliola\/"]}]}},"_links":{"self":[{"href":"https:\/\/renaissance55.fr\/index.php\/wp-json\/wp\/v2\/pages\/129","targetHints":{"allow":["GET"]}}],"collection":[{"href":"https:\/\/renaissance55.fr\/index.php\/wp-json\/wp\/v2\/pages"}],"about":[{"href":"https:\/\/renaissance55.fr\/index.php\/wp-json\/wp\/v2\/types\/page"}],"author":[{"embeddable":true,"href":"https:\/\/renaissance55.fr\/index.php\/wp-json\/wp\/v2\/users\/1"}],"replies":[{"embeddable":true,"href":"https:\/\/renaissance55.fr\/index.php\/wp-json\/wp\/v2\/comments?post=129"}],"version-history":[{"count":25,"href":"https:\/\/renaissance55.fr\/index.php\/wp-json\/wp\/v2\/pages\/129\/revisions"}],"predecessor-version":[{"id":603,"href":"https:\/\/renaissance55.fr\/index.php\/wp-json\/wp\/v2\/pages\/129\/revisions\/603"}],"wp:attachment":[{"href":"https:\/\/renaissance55.fr\/index.php\/wp-json\/wp\/v2\/media?parent=129"}],"curies":[{"name":"wp","href":"https:\/\/api.w.org\/{rel}","templated":true}]}}