{"id":172,"date":"2025-12-12T17:55:10","date_gmt":"2025-12-12T16:55:10","guid":{"rendered":"https:\/\/renaissance55.fr\/?page_id=172"},"modified":"2025-12-14T14:38:56","modified_gmt":"2025-12-14T13:38:56","slug":"corpus","status":"publish","type":"page","link":"https:\/\/renaissance55.fr\/index.php\/les-piliers-renaissance55\/corpus\/","title":{"rendered":"Corpus"},"content":{"rendered":"\t\t<div data-elementor-type=\"wp-page\" data-elementor-id=\"172\" class=\"elementor elementor-172\">\n\t\t\t\t<div class=\"elementor-element elementor-element-deb9500 e-flex e-con-boxed e-con e-parent\" data-id=\"deb9500\" data-element_type=\"container\">\n\t\t\t\t\t<div class=\"e-con-inner\">\n\t\t\t\t<div class=\"elementor-element elementor-element-87ea6a5 elementor-widget elementor-widget-heading\" data-id=\"87ea6a5\" data-element_type=\"widget\" data-widget_type=\"heading.default\">\n\t\t\t\t\t<h2 class=\"elementor-heading-title elementor-size-default\">Pilier CORPUS<\/h2>\t\t\t\t<\/div>\n\t\t\t\t<div class=\"elementor-element elementor-element-67e7147 elementor-widget elementor-widget-image\" data-id=\"67e7147\" data-element_type=\"widget\" data-widget_type=\"image.default\">\n\t\t\t\t\t\t\t\t\t\t\t\t\t\t\t<img fetchpriority=\"high\" decoding=\"async\" width=\"1024\" height=\"685\" src=\"https:\/\/renaissance55.fr\/wp-content\/uploads\/2025\/12\/Capture-decran-2025-12-14-a-10.28.04-1024x685.png\" class=\"attachment-large size-large wp-image-441\" alt=\"\" srcset=\"https:\/\/renaissance55.fr\/wp-content\/uploads\/2025\/12\/Capture-decran-2025-12-14-a-10.28.04-1024x685.png 1024w, https:\/\/renaissance55.fr\/wp-content\/uploads\/2025\/12\/Capture-decran-2025-12-14-a-10.28.04-300x201.png 300w, https:\/\/renaissance55.fr\/wp-content\/uploads\/2025\/12\/Capture-decran-2025-12-14-a-10.28.04-768x513.png 768w, https:\/\/renaissance55.fr\/wp-content\/uploads\/2025\/12\/Capture-decran-2025-12-14-a-10.28.04-1536x1027.png 1536w, https:\/\/renaissance55.fr\/wp-content\/uploads\/2025\/12\/Capture-decran-2025-12-14-a-10.28.04.png 1786w\" sizes=\"(max-width: 1024px) 100vw, 1024px\" \/>\t\t\t\t\t\t\t\t\t\t\t\t\t\t\t<\/div>\n\t\t\t\t\t<\/div>\n\t\t\t\t<\/div>\n\t\t<div class=\"elementor-element elementor-element-e3a4e16 e-flex e-con-boxed e-con e-parent\" data-id=\"e3a4e16\" data-element_type=\"container\">\n\t\t\t\t\t<div class=\"e-con-inner\">\n\t\t\t\t<div class=\"elementor-element elementor-element-dd8203d elementor-widget elementor-widget-text-editor\" data-id=\"dd8203d\" data-element_type=\"widget\" data-widget_type=\"text-editor.default\">\n\t\t\t\t\t\t\t\t\t<p data-start=\"375\" data-end=\"643\">Ancrer le corps, la sant\u00e9 et l\u2019\u00e9nergie dans la dur\u00e9e.<\/p>\t\t\t\t\t\t\t\t<\/div>\n\t\t\t\t<div class=\"elementor-element elementor-element-a922ebd elementor-widget elementor-widget-text-editor\" data-id=\"a922ebd\" data-element_type=\"widget\" data-widget_type=\"text-editor.default\">\n\t\t\t\t\t\t\t\t\t<p><strong data-start=\"1467\" data-end=\"1522\">\u00ab Le corps est le premier instrument de l\u2019esprit. \u00bb<\/strong><br data-start=\"1522\" data-end=\"1525\" \/>\u2014 <em data-start=\"1527\" data-end=\"1550\">Jean-Jacques Rousseau<\/em><\/p>\t\t\t\t\t\t\t\t<\/div>\n\t\t\t\t<div class=\"elementor-element elementor-element-057fc27 elementor-widget elementor-widget-text-editor\" data-id=\"057fc27\" data-element_type=\"widget\" data-widget_type=\"text-editor.default\">\n\t\t\t\t\t\t\t\t\t<p data-start=\"375\" data-end=\"643\"><em>Fondement du pilier : corps, sant\u00e9 globale et \u00e9nergie durable<\/em><\/p>\t\t\t\t\t\t\t\t<\/div>\n\t\t\t\t<div class=\"elementor-element elementor-element-6eb0456 elementor-widget elementor-widget-text-editor\" data-id=\"6eb0456\" data-element_type=\"widget\" data-widget_type=\"text-editor.default\">\n\t\t\t\t\t\t\t\t\t<p data-start=\"417\" data-end=\"657\">CORPUS remet le corps au centre du chemin de transformation.<br data-start=\"477\" data-end=\"480\" \/>Il aide \u00e0 mieux comprendre ses signaux, \u00e0 retrouver des rep\u00e8res physiques stables et \u00e0 construire une relation plus consciente, plus respectueuse et plus durable avec son corps. <br \/>Ce pilier vise \u00e0 restaurer l\u2019\u00e9nergie vitale, pr\u00e9venir l\u2019usure silencieuse et soutenir l\u2019ensemble des autres dimensions de la vie.<\/p>\t\t\t\t\t\t\t\t<\/div>\n\t\t\t\t<div class=\"elementor-element elementor-element-28da148 elementor-widget elementor-widget-image\" data-id=\"28da148\" data-element_type=\"widget\" data-widget_type=\"image.default\">\n\t\t\t\t\t\t\t\t\t\t\t\t\t\t\t<img decoding=\"async\" width=\"1024\" height=\"1024\" src=\"https:\/\/renaissance55.fr\/wp-content\/uploads\/2025\/12\/ChatGPT-Image-12-dec.-2025-12_35_23.png\" class=\"attachment-large size-large wp-image-154\" alt=\"\" srcset=\"https:\/\/renaissance55.fr\/wp-content\/uploads\/2025\/12\/ChatGPT-Image-12-dec.-2025-12_35_23.png 1024w, https:\/\/renaissance55.fr\/wp-content\/uploads\/2025\/12\/ChatGPT-Image-12-dec.-2025-12_35_23-300x300.png 300w, https:\/\/renaissance55.fr\/wp-content\/uploads\/2025\/12\/ChatGPT-Image-12-dec.-2025-12_35_23-150x150.png 150w, https:\/\/renaissance55.fr\/wp-content\/uploads\/2025\/12\/ChatGPT-Image-12-dec.-2025-12_35_23-768x768.png 768w\" sizes=\"(max-width: 1024px) 100vw, 1024px\" \/>\t\t\t\t\t\t\t\t\t\t\t\t\t\t\t<\/div>\n\t\t\t\t<div class=\"elementor-element elementor-element-bd574bf elementor-widget elementor-widget-text-editor\" data-id=\"bd574bf\" data-element_type=\"widget\" data-widget_type=\"text-editor.default\">\n\t\t\t\t\t\t\t\t\t<p><strong data-start=\"830\" data-end=\"842\">Vitalit\u00e9<\/strong><br data-start=\"842\" data-end=\"845\" \/><strong data-start=\"845\" data-end=\"858\">\u00c9quilibre<\/strong><br data-start=\"858\" data-end=\"861\" \/><strong data-start=\"861\" data-end=\"872\">Ancrage<\/strong><\/p>\t\t\t\t\t\t\t\t<\/div>\n\t\t\t\t\t<\/div>\n\t\t\t\t<\/div>\n\t\t<div class=\"elementor-element elementor-element-4257067 e-flex e-con-boxed e-con e-parent\" data-id=\"4257067\" data-element_type=\"container\">\n\t\t\t\t\t<div class=\"e-con-inner\">\n\t\t\t\t<div class=\"elementor-element elementor-element-69597e4 elementor-widget elementor-widget-text-editor\" data-id=\"69597e4\" data-element_type=\"widget\" data-widget_type=\"text-editor.default\">\n\t\t\t\t\t\t\t\t\t<h2 data-start=\"879\" data-end=\"914\"><strong data-start=\"882\" data-end=\"914\">Habiter pleinement son corps<\/strong><\/h2><p data-start=\"1043\" data-end=\"1225\">\ud83e\udec0 <strong data-start=\"919\" data-end=\"936\">Sant\u00e9 globale<\/strong> \u00b7 \ud83c\udfc3 <strong data-start=\"942\" data-end=\"966\">\u00c9nergie et mouvement<\/strong> \u00b7 \ud83c\udf31 <strong data-start=\"972\" data-end=\"995\">Rythmes biologiques<\/strong><\/p>\t\t\t\t\t\t\t\t<\/div>\n\t\t\t\t\t<\/div>\n\t\t\t\t<\/div>\n\t\t<div class=\"elementor-element elementor-element-4265c6a e-flex e-con-boxed e-con e-parent\" data-id=\"4265c6a\" data-element_type=\"container\">\n\t\t\t\t\t<div class=\"e-con-inner\">\n\t\t\t\t<div class=\"elementor-element elementor-element-b058eb4 elementor-widget__width-initial elementor-widget-divider--view-line elementor-widget elementor-widget-divider\" data-id=\"b058eb4\" data-element_type=\"widget\" data-widget_type=\"divider.default\">\n\t\t\t\t\t\t\t<div class=\"elementor-divider\">\n\t\t\t<span class=\"elementor-divider-separator\">\n\t\t\t\t\t\t<\/span>\n\t\t<\/div>\n\t\t\t\t\t\t<\/div>\n\t\t\t\t<div class=\"elementor-element elementor-element-f4ac60f elementor-widget elementor-widget-heading\" data-id=\"f4ac60f\" data-element_type=\"widget\" data-widget_type=\"heading.default\">\n\t\t\t\t\t<h1 class=\"elementor-heading-title elementor-size-default\">Renforcer votre vitalit\u00e9 au quotidien<\/h1>\t\t\t\t<\/div>\n\t\t\t\t<div class=\"elementor-element elementor-element-b666b70 elementor-widget__width-initial elementor-widget-divider--view-line elementor-widget elementor-widget-divider\" data-id=\"b666b70\" data-element_type=\"widget\" data-widget_type=\"divider.default\">\n\t\t\t\t\t\t\t<div class=\"elementor-divider\">\n\t\t\t<span class=\"elementor-divider-separator\">\n\t\t\t\t\t\t<\/span>\n\t\t<\/div>\n\t\t\t\t\t\t<\/div>\n\t\t\t\t\t<\/div>\n\t\t\t\t<\/div>\n\t\t<div class=\"elementor-element elementor-element-f0ad720 e-flex e-con-boxed e-con e-parent\" data-id=\"f0ad720\" data-element_type=\"container\">\n\t\t\t\t\t<div class=\"e-con-inner\">\n\t\t\t\t<div class=\"elementor-element elementor-element-b60f5f4 elementor-align-center elementor-widget elementor-widget-button\" data-id=\"b60f5f4\" data-element_type=\"widget\" data-widget_type=\"button.default\">\n\t\t\t\t\t\t\t\t\t\t<a class=\"elementor-button elementor-button-link elementor-size-sm\" href=\"https:\/\/renaissance55.fr\/index.php\/les-piliers-renaissance55\/\">\n\t\t\t\t\t\t<span class=\"elementor-button-content-wrapper\">\n\t\t\t\t\t\t\t\t\t<span class=\"elementor-button-text\">Retourner aux 8 Piliers<\/span>\n\t\t\t\t\t<\/span>\n\t\t\t\t\t<\/a>\n\t\t\t\t\t\t\t\t<\/div>\n\t\t\t\t\t<\/div>\n\t\t\t\t<\/div>\n\t\t<div class=\"elementor-element elementor-element-652e040 e-flex e-con-boxed e-con e-parent\" data-id=\"652e040\" data-element_type=\"container\">\n\t\t\t\t\t<div class=\"e-con-inner\">\n\t\t\t\t<div class=\"elementor-element elementor-element-08bd506 elementor-align-center elementor-widget elementor-widget-button\" data-id=\"08bd506\" data-element_type=\"widget\" data-widget_type=\"button.default\">\n\t\t\t\t\t\t\t\t\t\t<a class=\"elementor-button elementor-button-link elementor-size-sm\" href=\"https:\/\/renaissance55.fr\/index.php\/contact\/\">\n\t\t\t\t\t\t<span class=\"elementor-button-content-wrapper\">\n\t\t\t\t\t\t\t\t\t<span class=\"elementor-button-text\">Entrer en contact<\/span>\n\t\t\t\t\t<\/span>\n\t\t\t\t\t<\/a>\n\t\t\t\t\t\t\t\t<\/div>\n\t\t\t\t\t<\/div>\n\t\t\t\t<\/div>\n\t\t\t\t<\/div>\n\t\t","protected":false},"excerpt":{"rendered":"<p>Pilier CORPUS Ancrer le corps, la sant\u00e9 et l\u2019\u00e9nergie dans la dur\u00e9e. \u00ab Le corps est le premier instrument de [&hellip;]<\/p>\n","protected":false},"author":1,"featured_media":0,"parent":178,"menu_order":0,"comment_status":"closed","ping_status":"closed","template":"","meta":{"site-sidebar-layout":"no-sidebar","site-content-layout":"","ast-site-content-layout":"full-width-container","site-content-style":"default","site-sidebar-style":"default","ast-global-header-display":"","ast-banner-title-visibility":"","ast-main-header-display":"","ast-hfb-above-header-display":"","ast-hfb-below-header-display":"","ast-hfb-mobile-header-display":"","site-post-title":"","ast-breadcrumbs-content":"","ast-featured-img":"disabled","footer-sml-layout":"","theme-transparent-header-meta":"","adv-header-id-meta":"","stick-header-meta":"","header-above-stick-meta":"","header-main-stick-meta":"","header-below-stick-meta":"","astra-migrate-meta-layouts":"default","ast-page-background-enabled":"default","ast-page-background-meta":{"desktop":{"background-color":"var(--ast-global-color-5)","background-image":"","background-repeat":"repeat","background-position":"center center","background-size":"auto","background-attachment":"scroll","background-type":"","background-media":"","overlay-type":"","overlay-color":"","overlay-opacity":"","overlay-gradient":""},"tablet":{"background-color":"","background-image":"","background-repeat":"repeat","background-position":"center center","background-size":"auto","background-attachment":"scroll","background-type":"","background-media":"","overlay-type":"","overlay-color":"","overlay-opacity":"","overlay-gradient":""},"mobile":{"background-color":"","background-image":"","background-repeat":"repeat","background-position":"center center","background-size":"auto","background-attachment":"scroll","background-type":"","background-media":"","overlay-type":"","overlay-color":"","overlay-opacity":"","overlay-gradient":""}},"ast-content-background-meta":{"desktop":{"background-color":"var(--ast-global-color-4)","background-image":"","background-repeat":"repeat","background-position":"center center","background-size":"auto","background-attachment":"scroll","background-type":"","background-media":"","overlay-type":"","overlay-color":"","overlay-opacity":"","overlay-gradient":""},"tablet":{"background-color":"var(--ast-global-color-4)","background-image":"","background-repeat":"repeat","background-position":"center center","background-size":"auto","background-attachment":"scroll","background-type":"","background-media":"","overlay-type":"","overlay-color":"","overlay-opacity":"","overlay-gradient":""},"mobile":{"background-color":"var(--ast-global-color-4)","background-image":"","background-repeat":"repeat","background-position":"center center","background-size":"auto","background-attachment":"scroll","background-type":"","background-media":"","overlay-type":"","overlay-color":"","overlay-opacity":"","overlay-gradient":""}},"footnotes":""},"class_list":["post-172","page","type-page","status-publish","hentry"],"yoast_head":"<!-- This site is optimized with the Yoast SEO plugin v26.5 - https:\/\/yoast.com\/wordpress\/plugins\/seo\/ -->\n<title>Corpus - Renaissance55<\/title>\n<meta name=\"robots\" content=\"index, follow, max-snippet:-1, max-image-preview:large, max-video-preview:-1\" \/>\n<link rel=\"canonical\" href=\"https:\/\/renaissance55.fr\/index.php\/les-piliers-renaissance55\/corpus\/\" \/>\n<meta property=\"og:locale\" content=\"fr_FR\" \/>\n<meta property=\"og:type\" content=\"article\" \/>\n<meta property=\"og:title\" content=\"Corpus - Renaissance55\" \/>\n<meta property=\"og:description\" content=\"Pilier CORPUS Ancrer le corps, la sant\u00e9 et l\u2019\u00e9nergie dans la dur\u00e9e. \u00ab Le corps est le premier instrument de [&hellip;]\" \/>\n<meta property=\"og:url\" content=\"https:\/\/renaissance55.fr\/index.php\/les-piliers-renaissance55\/corpus\/\" \/>\n<meta property=\"og:site_name\" content=\"Renaissance55\" \/>\n<meta property=\"article:modified_time\" content=\"2025-12-14T13:38:56+00:00\" \/>\n<meta property=\"og:image\" content=\"https:\/\/renaissance55.fr\/wp-content\/uploads\/2025\/12\/Capture-decran-2025-12-14-a-10.28.04-1024x685.png\" \/>\n\t<meta property=\"og:image:width\" content=\"1024\" \/>\n\t<meta property=\"og:image:height\" content=\"685\" \/>\n\t<meta property=\"og:image:type\" content=\"image\/png\" \/>\n<meta name=\"twitter:card\" content=\"summary_large_image\" \/>\n<meta name=\"twitter:label1\" content=\"Dur\u00e9e de lecture estim\u00e9e\" \/>\n\t<meta name=\"twitter:data1\" content=\"2 minutes\" \/>\n<script type=\"application\/ld+json\" class=\"yoast-schema-graph\">{\"@context\":\"https:\/\/schema.org\",\"@graph\":[{\"@type\":\"WebPage\",\"@id\":\"https:\/\/renaissance55.fr\/index.php\/les-piliers-renaissance55\/corpus\/\",\"url\":\"https:\/\/renaissance55.fr\/index.php\/les-piliers-renaissance55\/corpus\/\",\"name\":\"Corpus - Renaissance55\",\"isPartOf\":{\"@id\":\"https:\/\/renaissance55.fr\/#website\"},\"primaryImageOfPage\":{\"@id\":\"https:\/\/renaissance55.fr\/index.php\/les-piliers-renaissance55\/corpus\/#primaryimage\"},\"image\":{\"@id\":\"https:\/\/renaissance55.fr\/index.php\/les-piliers-renaissance55\/corpus\/#primaryimage\"},\"thumbnailUrl\":\"https:\/\/renaissance55.fr\/wp-content\/uploads\/2025\/12\/Capture-decran-2025-12-14-a-10.28.04-1024x685.png\",\"datePublished\":\"2025-12-12T16:55:10+00:00\",\"dateModified\":\"2025-12-14T13:38:56+00:00\",\"breadcrumb\":{\"@id\":\"https:\/\/renaissance55.fr\/index.php\/les-piliers-renaissance55\/corpus\/#breadcrumb\"},\"inLanguage\":\"fr-FR\",\"potentialAction\":[{\"@type\":\"ReadAction\",\"target\":[\"https:\/\/renaissance55.fr\/index.php\/les-piliers-renaissance55\/corpus\/\"]}]},{\"@type\":\"ImageObject\",\"inLanguage\":\"fr-FR\",\"@id\":\"https:\/\/renaissance55.fr\/index.php\/les-piliers-renaissance55\/corpus\/#primaryimage\",\"url\":\"https:\/\/renaissance55.fr\/wp-content\/uploads\/2025\/12\/Capture-decran-2025-12-14-a-10.28.04.png\",\"contentUrl\":\"https:\/\/renaissance55.fr\/wp-content\/uploads\/2025\/12\/Capture-decran-2025-12-14-a-10.28.04.png\",\"width\":1786,\"height\":1194},{\"@type\":\"BreadcrumbList\",\"@id\":\"https:\/\/renaissance55.fr\/index.php\/les-piliers-renaissance55\/corpus\/#breadcrumb\",\"itemListElement\":[{\"@type\":\"ListItem\",\"position\":1,\"name\":\"Accueil\",\"item\":\"https:\/\/renaissance55.fr\/\"},{\"@type\":\"ListItem\",\"position\":2,\"name\":\"Les Piliers Renaissance55\",\"item\":\"https:\/\/renaissance55.fr\/index.php\/les-piliers-renaissance55\/\"},{\"@type\":\"ListItem\",\"position\":3,\"name\":\"Corpus\"}]},{\"@type\":\"WebSite\",\"@id\":\"https:\/\/renaissance55.fr\/#website\",\"url\":\"https:\/\/renaissance55.fr\/\",\"name\":\"Renaissance55\",\"description\":\"Le programme de transformation personnelle 55+\",\"publisher\":{\"@id\":\"https:\/\/renaissance55.fr\/#organization\"},\"potentialAction\":[{\"@type\":\"SearchAction\",\"target\":{\"@type\":\"EntryPoint\",\"urlTemplate\":\"https:\/\/renaissance55.fr\/?s={search_term_string}\"},\"query-input\":{\"@type\":\"PropertyValueSpecification\",\"valueRequired\":true,\"valueName\":\"search_term_string\"}}],\"inLanguage\":\"fr-FR\"},{\"@type\":\"Organization\",\"@id\":\"https:\/\/renaissance55.fr\/#organization\",\"name\":\"Renaissance55\",\"url\":\"https:\/\/renaissance55.fr\/\",\"logo\":{\"@type\":\"ImageObject\",\"inLanguage\":\"fr-FR\",\"@id\":\"https:\/\/renaissance55.fr\/#\/schema\/logo\/image\/\",\"url\":\"https:\/\/renaissance55.fr\/wp-content\/uploads\/2025\/12\/Logo-de-Renaissance55-moderne-et-epure.jpg\",\"contentUrl\":\"https:\/\/renaissance55.fr\/wp-content\/uploads\/2025\/12\/Logo-de-Renaissance55-moderne-et-epure.jpg\",\"width\":1024,\"height\":1024,\"caption\":\"Renaissance55\"},\"image\":{\"@id\":\"https:\/\/renaissance55.fr\/#\/schema\/logo\/image\/\"},\"sameAs\":[\"https:\/\/www.linkedin.com\/in\/pierreoliviercostagliola\/\"]}]}<\/script>\n<!-- \/ Yoast SEO plugin. -->","yoast_head_json":{"title":"Corpus - Renaissance55","robots":{"index":"index","follow":"follow","max-snippet":"max-snippet:-1","max-image-preview":"max-image-preview:large","max-video-preview":"max-video-preview:-1"},"canonical":"https:\/\/renaissance55.fr\/index.php\/les-piliers-renaissance55\/corpus\/","og_locale":"fr_FR","og_type":"article","og_title":"Corpus - Renaissance55","og_description":"Pilier CORPUS Ancrer le corps, la sant\u00e9 et l\u2019\u00e9nergie dans la dur\u00e9e. \u00ab Le corps est le premier instrument de [&hellip;]","og_url":"https:\/\/renaissance55.fr\/index.php\/les-piliers-renaissance55\/corpus\/","og_site_name":"Renaissance55","article_modified_time":"2025-12-14T13:38:56+00:00","og_image":[{"width":1024,"height":685,"url":"https:\/\/renaissance55.fr\/wp-content\/uploads\/2025\/12\/Capture-decran-2025-12-14-a-10.28.04-1024x685.png","type":"image\/png"}],"twitter_card":"summary_large_image","twitter_misc":{"Dur\u00e9e de lecture estim\u00e9e":"2 minutes"},"schema":{"@context":"https:\/\/schema.org","@graph":[{"@type":"WebPage","@id":"https:\/\/renaissance55.fr\/index.php\/les-piliers-renaissance55\/corpus\/","url":"https:\/\/renaissance55.fr\/index.php\/les-piliers-renaissance55\/corpus\/","name":"Corpus - Renaissance55","isPartOf":{"@id":"https:\/\/renaissance55.fr\/#website"},"primaryImageOfPage":{"@id":"https:\/\/renaissance55.fr\/index.php\/les-piliers-renaissance55\/corpus\/#primaryimage"},"image":{"@id":"https:\/\/renaissance55.fr\/index.php\/les-piliers-renaissance55\/corpus\/#primaryimage"},"thumbnailUrl":"https:\/\/renaissance55.fr\/wp-content\/uploads\/2025\/12\/Capture-decran-2025-12-14-a-10.28.04-1024x685.png","datePublished":"2025-12-12T16:55:10+00:00","dateModified":"2025-12-14T13:38:56+00:00","breadcrumb":{"@id":"https:\/\/renaissance55.fr\/index.php\/les-piliers-renaissance55\/corpus\/#breadcrumb"},"inLanguage":"fr-FR","potentialAction":[{"@type":"ReadAction","target":["https:\/\/renaissance55.fr\/index.php\/les-piliers-renaissance55\/corpus\/"]}]},{"@type":"ImageObject","inLanguage":"fr-FR","@id":"https:\/\/renaissance55.fr\/index.php\/les-piliers-renaissance55\/corpus\/#primaryimage","url":"https:\/\/renaissance55.fr\/wp-content\/uploads\/2025\/12\/Capture-decran-2025-12-14-a-10.28.04.png","contentUrl":"https:\/\/renaissance55.fr\/wp-content\/uploads\/2025\/12\/Capture-decran-2025-12-14-a-10.28.04.png","width":1786,"height":1194},{"@type":"BreadcrumbList","@id":"https:\/\/renaissance55.fr\/index.php\/les-piliers-renaissance55\/corpus\/#breadcrumb","itemListElement":[{"@type":"ListItem","position":1,"name":"Accueil","item":"https:\/\/renaissance55.fr\/"},{"@type":"ListItem","position":2,"name":"Les Piliers Renaissance55","item":"https:\/\/renaissance55.fr\/index.php\/les-piliers-renaissance55\/"},{"@type":"ListItem","position":3,"name":"Corpus"}]},{"@type":"WebSite","@id":"https:\/\/renaissance55.fr\/#website","url":"https:\/\/renaissance55.fr\/","name":"Renaissance55","description":"Le programme de transformation personnelle 55+","publisher":{"@id":"https:\/\/renaissance55.fr\/#organization"},"potentialAction":[{"@type":"SearchAction","target":{"@type":"EntryPoint","urlTemplate":"https:\/\/renaissance55.fr\/?s={search_term_string}"},"query-input":{"@type":"PropertyValueSpecification","valueRequired":true,"valueName":"search_term_string"}}],"inLanguage":"fr-FR"},{"@type":"Organization","@id":"https:\/\/renaissance55.fr\/#organization","name":"Renaissance55","url":"https:\/\/renaissance55.fr\/","logo":{"@type":"ImageObject","inLanguage":"fr-FR","@id":"https:\/\/renaissance55.fr\/#\/schema\/logo\/image\/","url":"https:\/\/renaissance55.fr\/wp-content\/uploads\/2025\/12\/Logo-de-Renaissance55-moderne-et-epure.jpg","contentUrl":"https:\/\/renaissance55.fr\/wp-content\/uploads\/2025\/12\/Logo-de-Renaissance55-moderne-et-epure.jpg","width":1024,"height":1024,"caption":"Renaissance55"},"image":{"@id":"https:\/\/renaissance55.fr\/#\/schema\/logo\/image\/"},"sameAs":["https:\/\/www.linkedin.com\/in\/pierreoliviercostagliola\/"]}]}},"_links":{"self":[{"href":"https:\/\/renaissance55.fr\/index.php\/wp-json\/wp\/v2\/pages\/172","targetHints":{"allow":["GET"]}}],"collection":[{"href":"https:\/\/renaissance55.fr\/index.php\/wp-json\/wp\/v2\/pages"}],"about":[{"href":"https:\/\/renaissance55.fr\/index.php\/wp-json\/wp\/v2\/types\/page"}],"author":[{"embeddable":true,"href":"https:\/\/renaissance55.fr\/index.php\/wp-json\/wp\/v2\/users\/1"}],"replies":[{"embeddable":true,"href":"https:\/\/renaissance55.fr\/index.php\/wp-json\/wp\/v2\/comments?post=172"}],"version-history":[{"count":34,"href":"https:\/\/renaissance55.fr\/index.php\/wp-json\/wp\/v2\/pages\/172\/revisions"}],"predecessor-version":[{"id":565,"href":"https:\/\/renaissance55.fr\/index.php\/wp-json\/wp\/v2\/pages\/172\/revisions\/565"}],"up":[{"embeddable":true,"href":"https:\/\/renaissance55.fr\/index.php\/wp-json\/wp\/v2\/pages\/178"}],"wp:attachment":[{"href":"https:\/\/renaissance55.fr\/index.php\/wp-json\/wp\/v2\/media?parent=172"}],"curies":[{"name":"wp","href":"https:\/\/api.w.org\/{rel}","templated":true}]}}