{"id":31,"date":"2025-11-30T09:22:37","date_gmt":"2025-11-30T08:22:37","guid":{"rendered":"https:\/\/renaissance55.fr\/?page_id=31"},"modified":"2025-12-14T14:37:27","modified_gmt":"2025-12-14T13:37:27","slug":"psyche","status":"publish","type":"page","link":"https:\/\/renaissance55.fr\/index.php\/les-piliers-renaissance55\/psyche\/","title":{"rendered":"Psych\u00e9"},"content":{"rendered":"\t\t<div data-elementor-type=\"wp-page\" data-elementor-id=\"31\" class=\"elementor elementor-31\">\n\t\t\t\t<div class=\"elementor-element elementor-element-fa312d7 e-flex e-con-boxed e-con e-parent\" data-id=\"fa312d7\" data-element_type=\"container\">\n\t\t\t\t\t<div class=\"e-con-inner\">\n\t\t\t\t<div class=\"elementor-element elementor-element-259b226 elementor-widget elementor-widget-heading\" data-id=\"259b226\" data-element_type=\"widget\" data-widget_type=\"heading.default\">\n\t\t\t\t\t<h2 class=\"elementor-heading-title elementor-size-default\">Pilier PSYCH\u00c9<\/h2>\t\t\t\t<\/div>\n\t\t\t\t<div class=\"elementor-element elementor-element-f18abe6 elementor-widget elementor-widget-image\" data-id=\"f18abe6\" data-element_type=\"widget\" data-widget_type=\"image.default\">\n\t\t\t\t\t\t\t\t\t\t\t\t\t\t\t<img fetchpriority=\"high\" decoding=\"async\" width=\"1000\" height=\"600\" src=\"https:\/\/renaissance55.fr\/wp-content\/uploads\/2025\/12\/practicing-mindful-meditation.webp\" class=\"attachment-large size-large wp-image-426\" alt=\"\" srcset=\"https:\/\/renaissance55.fr\/wp-content\/uploads\/2025\/12\/practicing-mindful-meditation.webp 1000w, https:\/\/renaissance55.fr\/wp-content\/uploads\/2025\/12\/practicing-mindful-meditation-300x180.webp 300w, https:\/\/renaissance55.fr\/wp-content\/uploads\/2025\/12\/practicing-mindful-meditation-768x461.webp 768w\" sizes=\"(max-width: 1000px) 100vw, 1000px\" \/>\t\t\t\t\t\t\t\t\t\t\t\t\t\t\t<\/div>\n\t\t\t\t\t<\/div>\n\t\t\t\t<\/div>\n\t\t<div class=\"elementor-element elementor-element-b74d9f8 e-flex e-con-boxed e-con e-parent\" data-id=\"b74d9f8\" data-element_type=\"container\">\n\t\t\t\t\t<div class=\"e-con-inner\">\n\t\t\t\t<div class=\"elementor-element elementor-element-f561002 elementor-widget elementor-widget-text-editor\" data-id=\"f561002\" data-element_type=\"widget\" data-widget_type=\"text-editor.default\">\n\t\t\t\t\t\t\t\t\t<p data-start=\"375\" data-end=\"643\"><strong>Comprendre, apaiser et renforcer sa vie int\u00e9rieure.<\/strong><\/p>\t\t\t\t\t\t\t\t<\/div>\n\t\t\t\t<div class=\"elementor-element elementor-element-70f7183 elementor-widget elementor-widget-text-editor\" data-id=\"70f7183\" data-element_type=\"widget\" data-widget_type=\"text-editor.default\">\n\t\t\t\t\t\t\t\t\t<p><strong data-start=\"1360\" data-end=\"1427\">\u00ab Se conna\u00eetre soi-m\u00eame est le commencement de toute sagesse. \u00bb<\/strong><br data-start=\"1427\" data-end=\"1430\" \/>\u2014 <em data-start=\"1432\" data-end=\"1442\">Aristote<\/em><\/p>\t\t\t\t\t\t\t\t<\/div>\n\t\t\t\t<div class=\"elementor-element elementor-element-d5a8572 elementor-widget elementor-widget-text-editor\" data-id=\"d5a8572\" data-element_type=\"widget\" data-widget_type=\"text-editor.default\">\n\t\t\t\t\t\t\t\t\t<p data-start=\"375\" data-end=\"643\"><em>Fondement du pilier : psychologie, \u00e9motions et \u00e9quilibre int\u00e9rieur.<\/em><\/p>\t\t\t\t\t\t\t\t<\/div>\n\t\t\t\t<div class=\"elementor-element elementor-element-e47c8b8 elementor-widget elementor-widget-text-editor\" data-id=\"e47c8b8\" data-element_type=\"widget\" data-widget_type=\"text-editor.default\">\n\t\t\t\t\t\t\t\t\t<p data-start=\"375\" data-end=\"643\">PSYCH\u00c9 aide \u00e0 mieux se comprendre pour mieux vivre.<br data-start=\"874\" data-end=\"877\" \/>Il \u00e9claire les m\u00e9canismes \u00e9motionnels, renforce la stabilit\u00e9 int\u00e9rieure<br data-start=\"948\" data-end=\"951\" \/>et permet de traverser les transitions de vie avec plus de justesse et de s\u00e9r\u00e9nit\u00e9.<\/p>\t\t\t\t\t\t\t\t<\/div>\n\t\t\t\t<div class=\"elementor-element elementor-element-a869ad3 elementor-widget elementor-widget-image\" data-id=\"a869ad3\" data-element_type=\"widget\" data-widget_type=\"image.default\">\n\t\t\t\t\t\t\t\t\t\t\t\t\t\t\t<img decoding=\"async\" width=\"1024\" height=\"1024\" src=\"https:\/\/renaissance55.fr\/wp-content\/uploads\/2025\/12\/ChatGPT-Image-12-dec.-2025-12_26_35.png\" class=\"attachment-large size-large wp-image-152\" alt=\"\" srcset=\"https:\/\/renaissance55.fr\/wp-content\/uploads\/2025\/12\/ChatGPT-Image-12-dec.-2025-12_26_35.png 1024w, https:\/\/renaissance55.fr\/wp-content\/uploads\/2025\/12\/ChatGPT-Image-12-dec.-2025-12_26_35-300x300.png 300w, https:\/\/renaissance55.fr\/wp-content\/uploads\/2025\/12\/ChatGPT-Image-12-dec.-2025-12_26_35-150x150.png 150w, https:\/\/renaissance55.fr\/wp-content\/uploads\/2025\/12\/ChatGPT-Image-12-dec.-2025-12_26_35-768x768.png 768w\" sizes=\"(max-width: 1024px) 100vw, 1024px\" \/>\t\t\t\t\t\t\t\t\t\t\t\t\t\t\t<\/div>\n\t\t\t\t<div class=\"elementor-element elementor-element-4a8b760 elementor-widget elementor-widget-text-editor\" data-id=\"4a8b760\" data-element_type=\"widget\" data-widget_type=\"text-editor.default\">\n\t\t\t\t\t\t\t\t\t<p data-start=\"1069\" data-end=\"1083\"><strong data-start=\"1069\" data-end=\"1083\">Conscience<br \/><\/strong><strong data-start=\"1086\" data-end=\"1099\">\u00c9quilibre<br \/><\/strong><strong data-start=\"1102\" data-end=\"1116\">R\u00e9silience<\/strong><\/p>\t\t\t\t\t\t\t\t<\/div>\n\t\t\t\t\t<\/div>\n\t\t\t\t<\/div>\n\t\t<div class=\"elementor-element elementor-element-c83c4a6 e-flex e-con-boxed e-con e-parent\" data-id=\"c83c4a6\" data-element_type=\"container\">\n\t\t\t\t\t<div class=\"e-con-inner\">\n\t\t\t\t<div class=\"elementor-element elementor-element-7111956 elementor-widget elementor-widget-text-editor\" data-id=\"7111956\" data-element_type=\"widget\" data-widget_type=\"text-editor.default\">\n\t\t\t\t\t\t\t\t\t<h2 data-start=\"1004\" data-end=\"1041\"><strong data-start=\"1007\" data-end=\"1041\">Donner du sens \u00e0 ce que nous ressentons<\/strong><\/h2><p data-start=\"1192\" data-end=\"1234\">\ud83e\udde0 \u00c9motions \u2022 \u2696\ufe0f \u00c9quilibre \u2022 \ud83c\udf31 R\u00e9silience<\/p>\t\t\t\t\t\t\t\t<\/div>\n\t\t<div class=\"elementor-element elementor-element-83c7c6f e-con-full e-flex e-con e-child\" data-id=\"83c7c6f\" data-element_type=\"container\">\n\t\t\t\t<div class=\"elementor-element elementor-element-023b1db elementor-widget__width-initial elementor-widget-divider--view-line elementor-widget elementor-widget-divider\" data-id=\"023b1db\" data-element_type=\"widget\" data-widget_type=\"divider.default\">\n\t\t\t\t\t\t\t<div class=\"elementor-divider\">\n\t\t\t<span class=\"elementor-divider-separator\">\n\t\t\t\t\t\t<\/span>\n\t\t<\/div>\n\t\t\t\t\t\t<\/div>\n\t\t\t\t<div class=\"elementor-element elementor-element-c36ec48 elementor-widget elementor-widget-heading\" data-id=\"c36ec48\" data-element_type=\"widget\" data-widget_type=\"heading.default\">\n\t\t\t\t\t<h1 class=\"elementor-heading-title elementor-size-default\">Retrouver un \u00e9quilibre \u00e9motionnel durable<\/h1>\t\t\t\t<\/div>\n\t\t\t\t<div class=\"elementor-element elementor-element-3e3561f elementor-widget__width-initial elementor-widget-divider--view-line elementor-widget elementor-widget-divider\" data-id=\"3e3561f\" data-element_type=\"widget\" data-widget_type=\"divider.default\">\n\t\t\t\t\t\t\t<div class=\"elementor-divider\">\n\t\t\t<span class=\"elementor-divider-separator\">\n\t\t\t\t\t\t<\/span>\n\t\t<\/div>\n\t\t\t\t\t\t<\/div>\n\t\t\t\t<\/div>\n\t\t\t\t\t<\/div>\n\t\t\t\t<\/div>\n\t\t<div class=\"elementor-element elementor-element-c31d2db e-flex e-con-boxed e-con e-parent\" data-id=\"c31d2db\" data-element_type=\"container\">\n\t\t\t\t\t<div class=\"e-con-inner\">\n\t\t\t\t<div class=\"elementor-element elementor-element-e47ecd4 elementor-align-center elementor-widget elementor-widget-button\" data-id=\"e47ecd4\" data-element_type=\"widget\" data-widget_type=\"button.default\">\n\t\t\t\t\t\t\t\t\t\t<a class=\"elementor-button elementor-button-link elementor-size-sm\" href=\"https:\/\/renaissance55.fr\/index.php\/les-piliers-renaissance55\/\">\n\t\t\t\t\t\t<span class=\"elementor-button-content-wrapper\">\n\t\t\t\t\t\t\t\t\t<span class=\"elementor-button-text\">Retourner aux 8 Piliers<\/span>\n\t\t\t\t\t<\/span>\n\t\t\t\t\t<\/a>\n\t\t\t\t\t\t\t\t<\/div>\n\t\t\t\t\t<\/div>\n\t\t\t\t<\/div>\n\t\t<div class=\"elementor-element elementor-element-d60efdf e-flex e-con-boxed e-con e-parent\" data-id=\"d60efdf\" data-element_type=\"container\">\n\t\t\t\t\t<div class=\"e-con-inner\">\n\t\t\t\t<div class=\"elementor-element elementor-element-931ab18 elementor-align-center elementor-widget elementor-widget-button\" data-id=\"931ab18\" data-element_type=\"widget\" data-widget_type=\"button.default\">\n\t\t\t\t\t\t\t\t\t\t<a class=\"elementor-button elementor-button-link elementor-size-sm\" href=\"https:\/\/renaissance55.fr\/index.php\/contact\/\">\n\t\t\t\t\t\t<span class=\"elementor-button-content-wrapper\">\n\t\t\t\t\t\t\t\t\t<span class=\"elementor-button-text\">Entrer en contact<\/span>\n\t\t\t\t\t<\/span>\n\t\t\t\t\t<\/a>\n\t\t\t\t\t\t\t\t<\/div>\n\t\t\t\t\t<\/div>\n\t\t\t\t<\/div>\n\t\t\t\t<\/div>\n\t\t","protected":false},"excerpt":{"rendered":"<p>Pilier PSYCH\u00c9 Comprendre, apaiser et renforcer sa vie int\u00e9rieure. \u00ab Se conna\u00eetre soi-m\u00eame est le commencement de toute sagesse. \u00bb\u2014 [&hellip;]<\/p>\n","protected":false},"author":1,"featured_media":0,"parent":178,"menu_order":0,"comment_status":"closed","ping_status":"closed","template":"","meta":{"site-sidebar-layout":"no-sidebar","site-content-layout":"","ast-site-content-layout":"full-width-container","site-content-style":"default","site-sidebar-style":"default","ast-global-header-display":"","ast-banner-title-visibility":"","ast-main-header-display":"","ast-hfb-above-header-display":"","ast-hfb-below-header-display":"","ast-hfb-mobile-header-display":"","site-post-title":"","ast-breadcrumbs-content":"","ast-featured-img":"disabled","footer-sml-layout":"","theme-transparent-header-meta":"","adv-header-id-meta":"","stick-header-meta":"","header-above-stick-meta":"","header-main-stick-meta":"","header-below-stick-meta":"","astra-migrate-meta-layouts":"default","ast-page-background-enabled":"default","ast-page-background-meta":{"desktop":{"background-color":"var(--ast-global-color-5)","background-image":"","background-repeat":"repeat","background-position":"center center","background-size":"auto","background-attachment":"scroll","background-type":"","background-media":"","overlay-type":"","overlay-color":"","overlay-opacity":"","overlay-gradient":""},"tablet":{"background-color":"","background-image":"","background-repeat":"repeat","background-position":"center center","background-size":"auto","background-attachment":"scroll","background-type":"","background-media":"","overlay-type":"","overlay-color":"","overlay-opacity":"","overlay-gradient":""},"mobile":{"background-color":"","background-image":"","background-repeat":"repeat","background-position":"center center","background-size":"auto","background-attachment":"scroll","background-type":"","background-media":"","overlay-type":"","overlay-color":"","overlay-opacity":"","overlay-gradient":""}},"ast-content-background-meta":{"desktop":{"background-color":"var(--ast-global-color-4)","background-image":"","background-repeat":"repeat","background-position":"center center","background-size":"auto","background-attachment":"scroll","background-type":"","background-media":"","overlay-type":"","overlay-color":"","overlay-opacity":"","overlay-gradient":""},"tablet":{"background-color":"var(--ast-global-color-4)","background-image":"","background-repeat":"repeat","background-position":"center center","background-size":"auto","background-attachment":"scroll","background-type":"","background-media":"","overlay-type":"","overlay-color":"","overlay-opacity":"","overlay-gradient":""},"mobile":{"background-color":"var(--ast-global-color-4)","background-image":"","background-repeat":"repeat","background-position":"center center","background-size":"auto","background-attachment":"scroll","background-type":"","background-media":"","overlay-type":"","overlay-color":"","overlay-opacity":"","overlay-gradient":""}},"footnotes":""},"class_list":["post-31","page","type-page","status-publish","hentry"],"yoast_head":"<!-- This site is optimized with the Yoast SEO plugin v26.5 - https:\/\/yoast.com\/wordpress\/plugins\/seo\/ -->\n<title>Psych\u00e9 - Renaissance55<\/title>\n<meta name=\"robots\" content=\"index, follow, max-snippet:-1, max-image-preview:large, max-video-preview:-1\" \/>\n<link rel=\"canonical\" href=\"https:\/\/renaissance55.fr\/index.php\/les-piliers-renaissance55\/psyche\/\" \/>\n<meta property=\"og:locale\" content=\"fr_FR\" \/>\n<meta property=\"og:type\" content=\"article\" \/>\n<meta property=\"og:title\" content=\"Psych\u00e9 - Renaissance55\" \/>\n<meta property=\"og:description\" content=\"Pilier PSYCH\u00c9 Comprendre, apaiser et renforcer sa vie int\u00e9rieure. \u00ab Se conna\u00eetre soi-m\u00eame est le commencement de toute sagesse. \u00bb\u2014 [&hellip;]\" \/>\n<meta property=\"og:url\" content=\"https:\/\/renaissance55.fr\/index.php\/les-piliers-renaissance55\/psyche\/\" \/>\n<meta property=\"og:site_name\" content=\"Renaissance55\" \/>\n<meta property=\"article:modified_time\" content=\"2025-12-14T13:37:27+00:00\" \/>\n<meta property=\"og:image\" content=\"https:\/\/renaissance55.fr\/wp-content\/uploads\/2025\/12\/practicing-mindful-meditation.webp\" \/>\n\t<meta property=\"og:image:width\" content=\"1000\" \/>\n\t<meta property=\"og:image:height\" content=\"600\" \/>\n\t<meta property=\"og:image:type\" content=\"image\/webp\" \/>\n<meta name=\"twitter:card\" content=\"summary_large_image\" \/>\n<meta name=\"twitter:label1\" content=\"Dur\u00e9e de lecture estim\u00e9e\" \/>\n\t<meta name=\"twitter:data1\" content=\"2 minutes\" \/>\n<script type=\"application\/ld+json\" class=\"yoast-schema-graph\">{\"@context\":\"https:\/\/schema.org\",\"@graph\":[{\"@type\":\"WebPage\",\"@id\":\"https:\/\/renaissance55.fr\/index.php\/les-piliers-renaissance55\/psyche\/\",\"url\":\"https:\/\/renaissance55.fr\/index.php\/les-piliers-renaissance55\/psyche\/\",\"name\":\"Psych\u00e9 - Renaissance55\",\"isPartOf\":{\"@id\":\"https:\/\/renaissance55.fr\/#website\"},\"primaryImageOfPage\":{\"@id\":\"https:\/\/renaissance55.fr\/index.php\/les-piliers-renaissance55\/psyche\/#primaryimage\"},\"image\":{\"@id\":\"https:\/\/renaissance55.fr\/index.php\/les-piliers-renaissance55\/psyche\/#primaryimage\"},\"thumbnailUrl\":\"https:\/\/renaissance55.fr\/wp-content\/uploads\/2025\/12\/practicing-mindful-meditation.webp\",\"datePublished\":\"2025-11-30T08:22:37+00:00\",\"dateModified\":\"2025-12-14T13:37:27+00:00\",\"breadcrumb\":{\"@id\":\"https:\/\/renaissance55.fr\/index.php\/les-piliers-renaissance55\/psyche\/#breadcrumb\"},\"inLanguage\":\"fr-FR\",\"potentialAction\":[{\"@type\":\"ReadAction\",\"target\":[\"https:\/\/renaissance55.fr\/index.php\/les-piliers-renaissance55\/psyche\/\"]}]},{\"@type\":\"ImageObject\",\"inLanguage\":\"fr-FR\",\"@id\":\"https:\/\/renaissance55.fr\/index.php\/les-piliers-renaissance55\/psyche\/#primaryimage\",\"url\":\"https:\/\/renaissance55.fr\/wp-content\/uploads\/2025\/12\/practicing-mindful-meditation.webp\",\"contentUrl\":\"https:\/\/renaissance55.fr\/wp-content\/uploads\/2025\/12\/practicing-mindful-meditation.webp\",\"width\":1000,\"height\":600},{\"@type\":\"BreadcrumbList\",\"@id\":\"https:\/\/renaissance55.fr\/index.php\/les-piliers-renaissance55\/psyche\/#breadcrumb\",\"itemListElement\":[{\"@type\":\"ListItem\",\"position\":1,\"name\":\"Accueil\",\"item\":\"https:\/\/renaissance55.fr\/\"},{\"@type\":\"ListItem\",\"position\":2,\"name\":\"Les Piliers Renaissance55\",\"item\":\"https:\/\/renaissance55.fr\/index.php\/les-piliers-renaissance55\/\"},{\"@type\":\"ListItem\",\"position\":3,\"name\":\"Psych\u00e9\"}]},{\"@type\":\"WebSite\",\"@id\":\"https:\/\/renaissance55.fr\/#website\",\"url\":\"https:\/\/renaissance55.fr\/\",\"name\":\"Renaissance55\",\"description\":\"Le programme de transformation personnelle 55+\",\"publisher\":{\"@id\":\"https:\/\/renaissance55.fr\/#organization\"},\"potentialAction\":[{\"@type\":\"SearchAction\",\"target\":{\"@type\":\"EntryPoint\",\"urlTemplate\":\"https:\/\/renaissance55.fr\/?s={search_term_string}\"},\"query-input\":{\"@type\":\"PropertyValueSpecification\",\"valueRequired\":true,\"valueName\":\"search_term_string\"}}],\"inLanguage\":\"fr-FR\"},{\"@type\":\"Organization\",\"@id\":\"https:\/\/renaissance55.fr\/#organization\",\"name\":\"Renaissance55\",\"url\":\"https:\/\/renaissance55.fr\/\",\"logo\":{\"@type\":\"ImageObject\",\"inLanguage\":\"fr-FR\",\"@id\":\"https:\/\/renaissance55.fr\/#\/schema\/logo\/image\/\",\"url\":\"https:\/\/renaissance55.fr\/wp-content\/uploads\/2025\/12\/Logo-de-Renaissance55-moderne-et-epure.jpg\",\"contentUrl\":\"https:\/\/renaissance55.fr\/wp-content\/uploads\/2025\/12\/Logo-de-Renaissance55-moderne-et-epure.jpg\",\"width\":1024,\"height\":1024,\"caption\":\"Renaissance55\"},\"image\":{\"@id\":\"https:\/\/renaissance55.fr\/#\/schema\/logo\/image\/\"},\"sameAs\":[\"https:\/\/www.linkedin.com\/in\/pierreoliviercostagliola\/\"]}]}<\/script>\n<!-- \/ Yoast SEO plugin. -->","yoast_head_json":{"title":"Psych\u00e9 - Renaissance55","robots":{"index":"index","follow":"follow","max-snippet":"max-snippet:-1","max-image-preview":"max-image-preview:large","max-video-preview":"max-video-preview:-1"},"canonical":"https:\/\/renaissance55.fr\/index.php\/les-piliers-renaissance55\/psyche\/","og_locale":"fr_FR","og_type":"article","og_title":"Psych\u00e9 - Renaissance55","og_description":"Pilier PSYCH\u00c9 Comprendre, apaiser et renforcer sa vie int\u00e9rieure. \u00ab Se conna\u00eetre soi-m\u00eame est le commencement de toute sagesse. \u00bb\u2014 [&hellip;]","og_url":"https:\/\/renaissance55.fr\/index.php\/les-piliers-renaissance55\/psyche\/","og_site_name":"Renaissance55","article_modified_time":"2025-12-14T13:37:27+00:00","og_image":[{"width":1000,"height":600,"url":"https:\/\/renaissance55.fr\/wp-content\/uploads\/2025\/12\/practicing-mindful-meditation.webp","type":"image\/webp"}],"twitter_card":"summary_large_image","twitter_misc":{"Dur\u00e9e de lecture estim\u00e9e":"2 minutes"},"schema":{"@context":"https:\/\/schema.org","@graph":[{"@type":"WebPage","@id":"https:\/\/renaissance55.fr\/index.php\/les-piliers-renaissance55\/psyche\/","url":"https:\/\/renaissance55.fr\/index.php\/les-piliers-renaissance55\/psyche\/","name":"Psych\u00e9 - Renaissance55","isPartOf":{"@id":"https:\/\/renaissance55.fr\/#website"},"primaryImageOfPage":{"@id":"https:\/\/renaissance55.fr\/index.php\/les-piliers-renaissance55\/psyche\/#primaryimage"},"image":{"@id":"https:\/\/renaissance55.fr\/index.php\/les-piliers-renaissance55\/psyche\/#primaryimage"},"thumbnailUrl":"https:\/\/renaissance55.fr\/wp-content\/uploads\/2025\/12\/practicing-mindful-meditation.webp","datePublished":"2025-11-30T08:22:37+00:00","dateModified":"2025-12-14T13:37:27+00:00","breadcrumb":{"@id":"https:\/\/renaissance55.fr\/index.php\/les-piliers-renaissance55\/psyche\/#breadcrumb"},"inLanguage":"fr-FR","potentialAction":[{"@type":"ReadAction","target":["https:\/\/renaissance55.fr\/index.php\/les-piliers-renaissance55\/psyche\/"]}]},{"@type":"ImageObject","inLanguage":"fr-FR","@id":"https:\/\/renaissance55.fr\/index.php\/les-piliers-renaissance55\/psyche\/#primaryimage","url":"https:\/\/renaissance55.fr\/wp-content\/uploads\/2025\/12\/practicing-mindful-meditation.webp","contentUrl":"https:\/\/renaissance55.fr\/wp-content\/uploads\/2025\/12\/practicing-mindful-meditation.webp","width":1000,"height":600},{"@type":"BreadcrumbList","@id":"https:\/\/renaissance55.fr\/index.php\/les-piliers-renaissance55\/psyche\/#breadcrumb","itemListElement":[{"@type":"ListItem","position":1,"name":"Accueil","item":"https:\/\/renaissance55.fr\/"},{"@type":"ListItem","position":2,"name":"Les Piliers Renaissance55","item":"https:\/\/renaissance55.fr\/index.php\/les-piliers-renaissance55\/"},{"@type":"ListItem","position":3,"name":"Psych\u00e9"}]},{"@type":"WebSite","@id":"https:\/\/renaissance55.fr\/#website","url":"https:\/\/renaissance55.fr\/","name":"Renaissance55","description":"Le programme de transformation personnelle 55+","publisher":{"@id":"https:\/\/renaissance55.fr\/#organization"},"potentialAction":[{"@type":"SearchAction","target":{"@type":"EntryPoint","urlTemplate":"https:\/\/renaissance55.fr\/?s={search_term_string}"},"query-input":{"@type":"PropertyValueSpecification","valueRequired":true,"valueName":"search_term_string"}}],"inLanguage":"fr-FR"},{"@type":"Organization","@id":"https:\/\/renaissance55.fr\/#organization","name":"Renaissance55","url":"https:\/\/renaissance55.fr\/","logo":{"@type":"ImageObject","inLanguage":"fr-FR","@id":"https:\/\/renaissance55.fr\/#\/schema\/logo\/image\/","url":"https:\/\/renaissance55.fr\/wp-content\/uploads\/2025\/12\/Logo-de-Renaissance55-moderne-et-epure.jpg","contentUrl":"https:\/\/renaissance55.fr\/wp-content\/uploads\/2025\/12\/Logo-de-Renaissance55-moderne-et-epure.jpg","width":1024,"height":1024,"caption":"Renaissance55"},"image":{"@id":"https:\/\/renaissance55.fr\/#\/schema\/logo\/image\/"},"sameAs":["https:\/\/www.linkedin.com\/in\/pierreoliviercostagliola\/"]}]}},"_links":{"self":[{"href":"https:\/\/renaissance55.fr\/index.php\/wp-json\/wp\/v2\/pages\/31","targetHints":{"allow":["GET"]}}],"collection":[{"href":"https:\/\/renaissance55.fr\/index.php\/wp-json\/wp\/v2\/pages"}],"about":[{"href":"https:\/\/renaissance55.fr\/index.php\/wp-json\/wp\/v2\/types\/page"}],"author":[{"embeddable":true,"href":"https:\/\/renaissance55.fr\/index.php\/wp-json\/wp\/v2\/users\/1"}],"replies":[{"embeddable":true,"href":"https:\/\/renaissance55.fr\/index.php\/wp-json\/wp\/v2\/comments?post=31"}],"version-history":[{"count":19,"href":"https:\/\/renaissance55.fr\/index.php\/wp-json\/wp\/v2\/pages\/31\/revisions"}],"predecessor-version":[{"id":562,"href":"https:\/\/renaissance55.fr\/index.php\/wp-json\/wp\/v2\/pages\/31\/revisions\/562"}],"up":[{"embeddable":true,"href":"https:\/\/renaissance55.fr\/index.php\/wp-json\/wp\/v2\/pages\/178"}],"wp:attachment":[{"href":"https:\/\/renaissance55.fr\/index.php\/wp-json\/wp\/v2\/media?parent=31"}],"curies":[{"name":"wp","href":"https:\/\/api.w.org\/{rel}","templated":true}]}}