{"id":37,"date":"2025-11-30T09:23:28","date_gmt":"2025-11-30T08:23:28","guid":{"rendered":"https:\/\/renaissance55.fr\/?page_id=37"},"modified":"2025-12-14T14:41:47","modified_gmt":"2025-12-14T13:41:47","slug":"harmonia","status":"publish","type":"page","link":"https:\/\/renaissance55.fr\/index.php\/les-piliers-renaissance55\/harmonia\/","title":{"rendered":"Harmonia"},"content":{"rendered":"\t\t<div data-elementor-type=\"wp-page\" data-elementor-id=\"37\" class=\"elementor elementor-37\">\n\t\t\t\t<div class=\"elementor-element elementor-element-caaeedc e-flex e-con-boxed e-con e-parent\" data-id=\"caaeedc\" data-element_type=\"container\">\n\t\t\t\t\t<div class=\"e-con-inner\">\n\t\t\t\t<div class=\"elementor-element elementor-element-b7ed500 elementor-widget elementor-widget-heading\" data-id=\"b7ed500\" data-element_type=\"widget\" data-widget_type=\"heading.default\">\n\t\t\t\t\t<h2 class=\"elementor-heading-title elementor-size-default\">Pilier HARMONIA<\/h2>\t\t\t\t<\/div>\n\t\t\t\t<div class=\"elementor-element elementor-element-104a8ac elementor-widget elementor-widget-image\" data-id=\"104a8ac\" data-element_type=\"widget\" data-widget_type=\"image.default\">\n\t\t\t\t\t\t\t\t\t\t\t\t\t\t\t<img fetchpriority=\"high\" decoding=\"async\" width=\"650\" height=\"650\" src=\"https:\/\/renaissance55.fr\/wp-content\/uploads\/2025\/12\/Zen_Balance_Stone_Stack_Garden_Art_-_Peaceful_Balance_in_Nature.webp\" class=\"attachment-large size-large wp-image-428\" alt=\"\" srcset=\"https:\/\/renaissance55.fr\/wp-content\/uploads\/2025\/12\/Zen_Balance_Stone_Stack_Garden_Art_-_Peaceful_Balance_in_Nature.webp 650w, https:\/\/renaissance55.fr\/wp-content\/uploads\/2025\/12\/Zen_Balance_Stone_Stack_Garden_Art_-_Peaceful_Balance_in_Nature-300x300.webp 300w, https:\/\/renaissance55.fr\/wp-content\/uploads\/2025\/12\/Zen_Balance_Stone_Stack_Garden_Art_-_Peaceful_Balance_in_Nature-150x150.webp 150w\" sizes=\"(max-width: 650px) 100vw, 650px\" \/>\t\t\t\t\t\t\t\t\t\t\t\t\t\t\t<\/div>\n\t\t\t\t\t<\/div>\n\t\t\t\t<\/div>\n\t\t<div class=\"elementor-element elementor-element-8c916fc e-flex e-con-boxed e-con e-parent\" data-id=\"8c916fc\" data-element_type=\"container\">\n\t\t\t\t\t<div class=\"e-con-inner\">\n\t\t\t\t<div class=\"elementor-element elementor-element-832727a elementor-widget elementor-widget-text-editor\" data-id=\"832727a\" data-element_type=\"widget\" data-widget_type=\"text-editor.default\">\n\t\t\t\t\t\t\t\t\t<p data-start=\"375\" data-end=\"643\"><strong>Retrouver l\u2019\u00e9quilibre int\u00e9rieur et l\u2019harmonie de vie.<\/strong><\/p>\t\t\t\t\t\t\t\t<\/div>\n\t\t\t\t<div class=\"elementor-element elementor-element-8f2e109 elementor-widget elementor-widget-text-editor\" data-id=\"8f2e109\" data-element_type=\"widget\" data-widget_type=\"text-editor.default\">\n\t\t\t\t\t\t\t\t\t<p><strong data-start=\"1687\" data-end=\"1738\">\u00ab La vraie richesse est celle de l\u2019\u00e9quilibre. \u00bb<\/strong><br data-start=\"1738\" data-end=\"1741\" \/>\u2014 <em data-start=\"1743\" data-end=\"1752\">S\u00e9n\u00e8que<\/em><\/p>\t\t\t\t\t\t\t\t<\/div>\n\t\t\t\t<div class=\"elementor-element elementor-element-f5d4a5f elementor-widget elementor-widget-text-editor\" data-id=\"f5d4a5f\" data-element_type=\"widget\" data-widget_type=\"text-editor.default\">\n\t\t\t\t\t\t\t\t\t<p data-start=\"375\" data-end=\"643\"><em>Fondement du pilier : musique et \u00e9coute consciente, \u00e9quilibre, r\u00e9gulation et justesse.<\/em><\/p>\t\t\t\t\t\t\t\t<\/div>\n\t\t\t\t<div class=\"elementor-element elementor-element-d13c314 elementor-widget elementor-widget-text-editor\" data-id=\"d13c314\" data-element_type=\"widget\" data-widget_type=\"text-editor.default\">\n\t\t\t\t\t\t\t\t\t<p data-start=\"375\" data-end=\"643\">HARMONIA aide \u00e0 r\u00e9\u00e9quilibrer les diff\u00e9rentes dimensions de la vie avec le support conscient de la musique, du rythme et de la vibration.<br data-start=\"525\" data-end=\"528\" \/>Il favorise l\u2019alignement int\u00e9rieur, apaise les tensions<br data-start=\"583\" data-end=\"586\" \/>et permet de retrouver une relation plus juste \u00e0 soi, aux autres<br data-start=\"650\" data-end=\"653\" \/>et \u00e0 son environnement.<\/p>\t\t\t\t\t\t\t\t<\/div>\n\t\t\t\t<div class=\"elementor-element elementor-element-3f0cdc3 elementor-widget elementor-widget-image\" data-id=\"3f0cdc3\" data-element_type=\"widget\" data-widget_type=\"image.default\">\n\t\t\t\t\t\t\t\t\t\t\t\t\t\t\t<img decoding=\"async\" width=\"1024\" height=\"1024\" src=\"https:\/\/renaissance55.fr\/wp-content\/uploads\/2025\/12\/ChatGPT-Image-12-dec.-2025-13_22_07.png\" class=\"attachment-large size-large wp-image-158\" alt=\"\" srcset=\"https:\/\/renaissance55.fr\/wp-content\/uploads\/2025\/12\/ChatGPT-Image-12-dec.-2025-13_22_07.png 1024w, https:\/\/renaissance55.fr\/wp-content\/uploads\/2025\/12\/ChatGPT-Image-12-dec.-2025-13_22_07-300x300.png 300w, https:\/\/renaissance55.fr\/wp-content\/uploads\/2025\/12\/ChatGPT-Image-12-dec.-2025-13_22_07-150x150.png 150w, https:\/\/renaissance55.fr\/wp-content\/uploads\/2025\/12\/ChatGPT-Image-12-dec.-2025-13_22_07-768x768.png 768w\" sizes=\"(max-width: 1024px) 100vw, 1024px\" \/>\t\t\t\t\t\t\t\t\t\t\t\t\t\t\t<\/div>\n\t\t\t\t<div class=\"elementor-element elementor-element-ace4888 elementor-widget elementor-widget-text-editor\" data-id=\"ace4888\" data-element_type=\"widget\" data-widget_type=\"text-editor.default\">\n\t\t\t\t\t\t\t\t\t<p data-start=\"716\" data-end=\"729\"><strong data-start=\"716\" data-end=\"729\">\u00c9quilibre<br \/><\/strong><strong data-start=\"732\" data-end=\"746\">Apaisement<br \/><\/strong><strong data-start=\"749\" data-end=\"763\">Alignement<\/strong><\/p>\t\t\t\t\t\t\t\t<\/div>\n\t\t\t\t\t<\/div>\n\t\t\t\t<\/div>\n\t\t<div class=\"elementor-element elementor-element-43f603c e-flex e-con-boxed e-con e-parent\" data-id=\"43f603c\" data-element_type=\"container\">\n\t\t\t\t\t<div class=\"e-con-inner\">\n\t\t\t\t<div class=\"elementor-element elementor-element-16a8b9c elementor-widget elementor-widget-text-editor\" data-id=\"16a8b9c\" data-element_type=\"widget\" data-widget_type=\"text-editor.default\">\n\t\t\t\t\t\t\t\t\t<h2 data-start=\"1004\" data-end=\"1041\"><strong>R\u00e9concilier rythme de vie, \u00e9motions et aspirations<\/strong><\/h2><p data-start=\"1043\" data-end=\"1225\">\u2696\ufe0f \u00c9quilibre \u2022 \ud83c\udf3f Apaisement \u2022 \ud83c\udfaf Alignement<\/p>\t\t\t\t\t\t\t\t<\/div>\n\t\t<div class=\"elementor-element elementor-element-9f32a15 e-con-full e-flex e-con e-child\" data-id=\"9f32a15\" data-element_type=\"container\">\n\t\t\t\t<div class=\"elementor-element elementor-element-91c6b08 elementor-widget__width-initial elementor-widget-divider--view-line elementor-widget elementor-widget-divider\" data-id=\"91c6b08\" data-element_type=\"widget\" data-widget_type=\"divider.default\">\n\t\t\t\t\t\t\t<div class=\"elementor-divider\">\n\t\t\t<span class=\"elementor-divider-separator\">\n\t\t\t\t\t\t<\/span>\n\t\t<\/div>\n\t\t\t\t\t\t<\/div>\n\t\t\t\t<div class=\"elementor-element elementor-element-b44c4d7 elementor-widget elementor-widget-heading\" data-id=\"b44c4d7\" data-element_type=\"widget\" data-widget_type=\"heading.default\">\n\t\t\t\t\t<h1 class=\"elementor-heading-title elementor-size-default\">Vivre en accord avec soi-m\u00eame et son environnement<\/h1>\t\t\t\t<\/div>\n\t\t\t\t<div class=\"elementor-element elementor-element-5fc964f elementor-widget__width-initial elementor-widget-divider--view-line elementor-widget elementor-widget-divider\" data-id=\"5fc964f\" data-element_type=\"widget\" data-widget_type=\"divider.default\">\n\t\t\t\t\t\t\t<div class=\"elementor-divider\">\n\t\t\t<span class=\"elementor-divider-separator\">\n\t\t\t\t\t\t<\/span>\n\t\t<\/div>\n\t\t\t\t\t\t<\/div>\n\t\t\t\t<\/div>\n\t\t\t\t\t<\/div>\n\t\t\t\t<\/div>\n\t\t<div class=\"elementor-element elementor-element-c3ec868 e-flex e-con-boxed e-con e-parent\" data-id=\"c3ec868\" data-element_type=\"container\">\n\t\t\t\t\t<div class=\"e-con-inner\">\n\t\t\t\t<div class=\"elementor-element elementor-element-e0e473f elementor-align-center elementor-widget elementor-widget-button\" data-id=\"e0e473f\" data-element_type=\"widget\" data-widget_type=\"button.default\">\n\t\t\t\t\t\t\t\t\t\t<a class=\"elementor-button elementor-button-link elementor-size-sm\" href=\"https:\/\/renaissance55.fr\/index.php\/les-piliers-renaissance55\/\">\n\t\t\t\t\t\t<span class=\"elementor-button-content-wrapper\">\n\t\t\t\t\t\t\t\t\t<span class=\"elementor-button-text\">Retourner aux 8 Piliers<\/span>\n\t\t\t\t\t<\/span>\n\t\t\t\t\t<\/a>\n\t\t\t\t\t\t\t\t<\/div>\n\t\t\t\t\t<\/div>\n\t\t\t\t<\/div>\n\t\t<div class=\"elementor-element elementor-element-1fc6f81 e-flex e-con-boxed e-con e-parent\" data-id=\"1fc6f81\" data-element_type=\"container\">\n\t\t\t\t\t<div class=\"e-con-inner\">\n\t\t\t\t<div class=\"elementor-element elementor-element-244ac08 elementor-align-center elementor-widget elementor-widget-button\" data-id=\"244ac08\" data-element_type=\"widget\" data-widget_type=\"button.default\">\n\t\t\t\t\t\t\t\t\t\t<a class=\"elementor-button elementor-button-link elementor-size-sm\" href=\"https:\/\/renaissance55.fr\/index.php\/contact\/\">\n\t\t\t\t\t\t<span class=\"elementor-button-content-wrapper\">\n\t\t\t\t\t\t\t\t\t<span class=\"elementor-button-text\">Entrer en contact<\/span>\n\t\t\t\t\t<\/span>\n\t\t\t\t\t<\/a>\n\t\t\t\t\t\t\t\t<\/div>\n\t\t\t\t\t<\/div>\n\t\t\t\t<\/div>\n\t\t\t\t<\/div>\n\t\t","protected":false},"excerpt":{"rendered":"<p>Pilier HARMONIA Retrouver l\u2019\u00e9quilibre int\u00e9rieur et l\u2019harmonie de vie. \u00ab La vraie richesse est celle de l\u2019\u00e9quilibre. \u00bb\u2014 S\u00e9n\u00e8que Fondement [&hellip;]<\/p>\n","protected":false},"author":1,"featured_media":0,"parent":178,"menu_order":0,"comment_status":"closed","ping_status":"closed","template":"","meta":{"site-sidebar-layout":"no-sidebar","site-content-layout":"","ast-site-content-layout":"full-width-container","site-content-style":"default","site-sidebar-style":"default","ast-global-header-display":"","ast-banner-title-visibility":"","ast-main-header-display":"","ast-hfb-above-header-display":"","ast-hfb-below-header-display":"","ast-hfb-mobile-header-display":"","site-post-title":"","ast-breadcrumbs-content":"","ast-featured-img":"disabled","footer-sml-layout":"","theme-transparent-header-meta":"","adv-header-id-meta":"","stick-header-meta":"","header-above-stick-meta":"","header-main-stick-meta":"","header-below-stick-meta":"","astra-migrate-meta-layouts":"default","ast-page-background-enabled":"default","ast-page-background-meta":{"desktop":{"background-color":"var(--ast-global-color-5)","background-image":"","background-repeat":"repeat","background-position":"center center","background-size":"auto","background-attachment":"scroll","background-type":"","background-media":"","overlay-type":"","overlay-color":"","overlay-opacity":"","overlay-gradient":""},"tablet":{"background-color":"","background-image":"","background-repeat":"repeat","background-position":"center center","background-size":"auto","background-attachment":"scroll","background-type":"","background-media":"","overlay-type":"","overlay-color":"","overlay-opacity":"","overlay-gradient":""},"mobile":{"background-color":"","background-image":"","background-repeat":"repeat","background-position":"center center","background-size":"auto","background-attachment":"scroll","background-type":"","background-media":"","overlay-type":"","overlay-color":"","overlay-opacity":"","overlay-gradient":""}},"ast-content-background-meta":{"desktop":{"background-color":"var(--ast-global-color-4)","background-image":"","background-repeat":"repeat","background-position":"center center","background-size":"auto","background-attachment":"scroll","background-type":"","background-media":"","overlay-type":"","overlay-color":"","overlay-opacity":"","overlay-gradient":""},"tablet":{"background-color":"var(--ast-global-color-4)","background-image":"","background-repeat":"repeat","background-position":"center center","background-size":"auto","background-attachment":"scroll","background-type":"","background-media":"","overlay-type":"","overlay-color":"","overlay-opacity":"","overlay-gradient":""},"mobile":{"background-color":"var(--ast-global-color-4)","background-image":"","background-repeat":"repeat","background-position":"center center","background-size":"auto","background-attachment":"scroll","background-type":"","background-media":"","overlay-type":"","overlay-color":"","overlay-opacity":"","overlay-gradient":""}},"footnotes":""},"class_list":["post-37","page","type-page","status-publish","hentry"],"yoast_head":"<!-- This site is optimized with the Yoast SEO plugin v26.5 - https:\/\/yoast.com\/wordpress\/plugins\/seo\/ -->\n<title>Harmonia - Renaissance55<\/title>\n<meta name=\"robots\" content=\"index, follow, max-snippet:-1, max-image-preview:large, max-video-preview:-1\" \/>\n<link rel=\"canonical\" href=\"https:\/\/renaissance55.fr\/index.php\/les-piliers-renaissance55\/harmonia\/\" \/>\n<meta property=\"og:locale\" content=\"fr_FR\" \/>\n<meta property=\"og:type\" content=\"article\" \/>\n<meta property=\"og:title\" content=\"Harmonia - Renaissance55\" \/>\n<meta property=\"og:description\" content=\"Pilier HARMONIA Retrouver l\u2019\u00e9quilibre int\u00e9rieur et l\u2019harmonie de vie. \u00ab La vraie richesse est celle de l\u2019\u00e9quilibre. \u00bb\u2014 S\u00e9n\u00e8que Fondement [&hellip;]\" \/>\n<meta property=\"og:url\" content=\"https:\/\/renaissance55.fr\/index.php\/les-piliers-renaissance55\/harmonia\/\" \/>\n<meta property=\"og:site_name\" content=\"Renaissance55\" \/>\n<meta property=\"article:modified_time\" content=\"2025-12-14T13:41:47+00:00\" \/>\n<meta property=\"og:image\" content=\"https:\/\/renaissance55.fr\/wp-content\/uploads\/2025\/12\/Zen_Balance_Stone_Stack_Garden_Art_-_Peaceful_Balance_in_Nature.webp\" \/>\n\t<meta property=\"og:image:width\" content=\"650\" \/>\n\t<meta property=\"og:image:height\" content=\"650\" \/>\n\t<meta property=\"og:image:type\" content=\"image\/webp\" \/>\n<meta name=\"twitter:card\" content=\"summary_large_image\" \/>\n<meta name=\"twitter:label1\" content=\"Dur\u00e9e de lecture estim\u00e9e\" \/>\n\t<meta name=\"twitter:data1\" content=\"2 minutes\" \/>\n<script type=\"application\/ld+json\" class=\"yoast-schema-graph\">{\"@context\":\"https:\/\/schema.org\",\"@graph\":[{\"@type\":\"WebPage\",\"@id\":\"https:\/\/renaissance55.fr\/index.php\/les-piliers-renaissance55\/harmonia\/\",\"url\":\"https:\/\/renaissance55.fr\/index.php\/les-piliers-renaissance55\/harmonia\/\",\"name\":\"Harmonia - Renaissance55\",\"isPartOf\":{\"@id\":\"https:\/\/renaissance55.fr\/#website\"},\"primaryImageOfPage\":{\"@id\":\"https:\/\/renaissance55.fr\/index.php\/les-piliers-renaissance55\/harmonia\/#primaryimage\"},\"image\":{\"@id\":\"https:\/\/renaissance55.fr\/index.php\/les-piliers-renaissance55\/harmonia\/#primaryimage\"},\"thumbnailUrl\":\"https:\/\/renaissance55.fr\/wp-content\/uploads\/2025\/12\/Zen_Balance_Stone_Stack_Garden_Art_-_Peaceful_Balance_in_Nature.webp\",\"datePublished\":\"2025-11-30T08:23:28+00:00\",\"dateModified\":\"2025-12-14T13:41:47+00:00\",\"breadcrumb\":{\"@id\":\"https:\/\/renaissance55.fr\/index.php\/les-piliers-renaissance55\/harmonia\/#breadcrumb\"},\"inLanguage\":\"fr-FR\",\"potentialAction\":[{\"@type\":\"ReadAction\",\"target\":[\"https:\/\/renaissance55.fr\/index.php\/les-piliers-renaissance55\/harmonia\/\"]}]},{\"@type\":\"ImageObject\",\"inLanguage\":\"fr-FR\",\"@id\":\"https:\/\/renaissance55.fr\/index.php\/les-piliers-renaissance55\/harmonia\/#primaryimage\",\"url\":\"https:\/\/renaissance55.fr\/wp-content\/uploads\/2025\/12\/Zen_Balance_Stone_Stack_Garden_Art_-_Peaceful_Balance_in_Nature.webp\",\"contentUrl\":\"https:\/\/renaissance55.fr\/wp-content\/uploads\/2025\/12\/Zen_Balance_Stone_Stack_Garden_Art_-_Peaceful_Balance_in_Nature.webp\",\"width\":650,\"height\":650},{\"@type\":\"BreadcrumbList\",\"@id\":\"https:\/\/renaissance55.fr\/index.php\/les-piliers-renaissance55\/harmonia\/#breadcrumb\",\"itemListElement\":[{\"@type\":\"ListItem\",\"position\":1,\"name\":\"Accueil\",\"item\":\"https:\/\/renaissance55.fr\/\"},{\"@type\":\"ListItem\",\"position\":2,\"name\":\"Les Piliers Renaissance55\",\"item\":\"https:\/\/renaissance55.fr\/index.php\/les-piliers-renaissance55\/\"},{\"@type\":\"ListItem\",\"position\":3,\"name\":\"Harmonia\"}]},{\"@type\":\"WebSite\",\"@id\":\"https:\/\/renaissance55.fr\/#website\",\"url\":\"https:\/\/renaissance55.fr\/\",\"name\":\"Renaissance55\",\"description\":\"Le programme de transformation personnelle 55+\",\"publisher\":{\"@id\":\"https:\/\/renaissance55.fr\/#organization\"},\"potentialAction\":[{\"@type\":\"SearchAction\",\"target\":{\"@type\":\"EntryPoint\",\"urlTemplate\":\"https:\/\/renaissance55.fr\/?s={search_term_string}\"},\"query-input\":{\"@type\":\"PropertyValueSpecification\",\"valueRequired\":true,\"valueName\":\"search_term_string\"}}],\"inLanguage\":\"fr-FR\"},{\"@type\":\"Organization\",\"@id\":\"https:\/\/renaissance55.fr\/#organization\",\"name\":\"Renaissance55\",\"url\":\"https:\/\/renaissance55.fr\/\",\"logo\":{\"@type\":\"ImageObject\",\"inLanguage\":\"fr-FR\",\"@id\":\"https:\/\/renaissance55.fr\/#\/schema\/logo\/image\/\",\"url\":\"https:\/\/renaissance55.fr\/wp-content\/uploads\/2025\/12\/Logo-de-Renaissance55-moderne-et-epure.jpg\",\"contentUrl\":\"https:\/\/renaissance55.fr\/wp-content\/uploads\/2025\/12\/Logo-de-Renaissance55-moderne-et-epure.jpg\",\"width\":1024,\"height\":1024,\"caption\":\"Renaissance55\"},\"image\":{\"@id\":\"https:\/\/renaissance55.fr\/#\/schema\/logo\/image\/\"},\"sameAs\":[\"https:\/\/www.linkedin.com\/in\/pierreoliviercostagliola\/\"]}]}<\/script>\n<!-- \/ Yoast SEO plugin. -->","yoast_head_json":{"title":"Harmonia - Renaissance55","robots":{"index":"index","follow":"follow","max-snippet":"max-snippet:-1","max-image-preview":"max-image-preview:large","max-video-preview":"max-video-preview:-1"},"canonical":"https:\/\/renaissance55.fr\/index.php\/les-piliers-renaissance55\/harmonia\/","og_locale":"fr_FR","og_type":"article","og_title":"Harmonia - Renaissance55","og_description":"Pilier HARMONIA Retrouver l\u2019\u00e9quilibre int\u00e9rieur et l\u2019harmonie de vie. \u00ab La vraie richesse est celle de l\u2019\u00e9quilibre. \u00bb\u2014 S\u00e9n\u00e8que Fondement [&hellip;]","og_url":"https:\/\/renaissance55.fr\/index.php\/les-piliers-renaissance55\/harmonia\/","og_site_name":"Renaissance55","article_modified_time":"2025-12-14T13:41:47+00:00","og_image":[{"width":650,"height":650,"url":"https:\/\/renaissance55.fr\/wp-content\/uploads\/2025\/12\/Zen_Balance_Stone_Stack_Garden_Art_-_Peaceful_Balance_in_Nature.webp","type":"image\/webp"}],"twitter_card":"summary_large_image","twitter_misc":{"Dur\u00e9e de lecture estim\u00e9e":"2 minutes"},"schema":{"@context":"https:\/\/schema.org","@graph":[{"@type":"WebPage","@id":"https:\/\/renaissance55.fr\/index.php\/les-piliers-renaissance55\/harmonia\/","url":"https:\/\/renaissance55.fr\/index.php\/les-piliers-renaissance55\/harmonia\/","name":"Harmonia - Renaissance55","isPartOf":{"@id":"https:\/\/renaissance55.fr\/#website"},"primaryImageOfPage":{"@id":"https:\/\/renaissance55.fr\/index.php\/les-piliers-renaissance55\/harmonia\/#primaryimage"},"image":{"@id":"https:\/\/renaissance55.fr\/index.php\/les-piliers-renaissance55\/harmonia\/#primaryimage"},"thumbnailUrl":"https:\/\/renaissance55.fr\/wp-content\/uploads\/2025\/12\/Zen_Balance_Stone_Stack_Garden_Art_-_Peaceful_Balance_in_Nature.webp","datePublished":"2025-11-30T08:23:28+00:00","dateModified":"2025-12-14T13:41:47+00:00","breadcrumb":{"@id":"https:\/\/renaissance55.fr\/index.php\/les-piliers-renaissance55\/harmonia\/#breadcrumb"},"inLanguage":"fr-FR","potentialAction":[{"@type":"ReadAction","target":["https:\/\/renaissance55.fr\/index.php\/les-piliers-renaissance55\/harmonia\/"]}]},{"@type":"ImageObject","inLanguage":"fr-FR","@id":"https:\/\/renaissance55.fr\/index.php\/les-piliers-renaissance55\/harmonia\/#primaryimage","url":"https:\/\/renaissance55.fr\/wp-content\/uploads\/2025\/12\/Zen_Balance_Stone_Stack_Garden_Art_-_Peaceful_Balance_in_Nature.webp","contentUrl":"https:\/\/renaissance55.fr\/wp-content\/uploads\/2025\/12\/Zen_Balance_Stone_Stack_Garden_Art_-_Peaceful_Balance_in_Nature.webp","width":650,"height":650},{"@type":"BreadcrumbList","@id":"https:\/\/renaissance55.fr\/index.php\/les-piliers-renaissance55\/harmonia\/#breadcrumb","itemListElement":[{"@type":"ListItem","position":1,"name":"Accueil","item":"https:\/\/renaissance55.fr\/"},{"@type":"ListItem","position":2,"name":"Les Piliers Renaissance55","item":"https:\/\/renaissance55.fr\/index.php\/les-piliers-renaissance55\/"},{"@type":"ListItem","position":3,"name":"Harmonia"}]},{"@type":"WebSite","@id":"https:\/\/renaissance55.fr\/#website","url":"https:\/\/renaissance55.fr\/","name":"Renaissance55","description":"Le programme de transformation personnelle 55+","publisher":{"@id":"https:\/\/renaissance55.fr\/#organization"},"potentialAction":[{"@type":"SearchAction","target":{"@type":"EntryPoint","urlTemplate":"https:\/\/renaissance55.fr\/?s={search_term_string}"},"query-input":{"@type":"PropertyValueSpecification","valueRequired":true,"valueName":"search_term_string"}}],"inLanguage":"fr-FR"},{"@type":"Organization","@id":"https:\/\/renaissance55.fr\/#organization","name":"Renaissance55","url":"https:\/\/renaissance55.fr\/","logo":{"@type":"ImageObject","inLanguage":"fr-FR","@id":"https:\/\/renaissance55.fr\/#\/schema\/logo\/image\/","url":"https:\/\/renaissance55.fr\/wp-content\/uploads\/2025\/12\/Logo-de-Renaissance55-moderne-et-epure.jpg","contentUrl":"https:\/\/renaissance55.fr\/wp-content\/uploads\/2025\/12\/Logo-de-Renaissance55-moderne-et-epure.jpg","width":1024,"height":1024,"caption":"Renaissance55"},"image":{"@id":"https:\/\/renaissance55.fr\/#\/schema\/logo\/image\/"},"sameAs":["https:\/\/www.linkedin.com\/in\/pierreoliviercostagliola\/"]}]}},"_links":{"self":[{"href":"https:\/\/renaissance55.fr\/index.php\/wp-json\/wp\/v2\/pages\/37","targetHints":{"allow":["GET"]}}],"collection":[{"href":"https:\/\/renaissance55.fr\/index.php\/wp-json\/wp\/v2\/pages"}],"about":[{"href":"https:\/\/renaissance55.fr\/index.php\/wp-json\/wp\/v2\/types\/page"}],"author":[{"embeddable":true,"href":"https:\/\/renaissance55.fr\/index.php\/wp-json\/wp\/v2\/users\/1"}],"replies":[{"embeddable":true,"href":"https:\/\/renaissance55.fr\/index.php\/wp-json\/wp\/v2\/comments?post=37"}],"version-history":[{"count":28,"href":"https:\/\/renaissance55.fr\/index.php\/wp-json\/wp\/v2\/pages\/37\/revisions"}],"predecessor-version":[{"id":571,"href":"https:\/\/renaissance55.fr\/index.php\/wp-json\/wp\/v2\/pages\/37\/revisions\/571"}],"up":[{"embeddable":true,"href":"https:\/\/renaissance55.fr\/index.php\/wp-json\/wp\/v2\/pages\/178"}],"wp:attachment":[{"href":"https:\/\/renaissance55.fr\/index.php\/wp-json\/wp\/v2\/media?parent=37"}],"curies":[{"name":"wp","href":"https:\/\/api.w.org\/{rel}","templated":true}]}}