{"id":39,"date":"2025-11-30T09:23:44","date_gmt":"2025-11-30T08:23:44","guid":{"rendered":"https:\/\/renaissance55.fr\/?page_id=39"},"modified":"2025-12-14T14:43:09","modified_gmt":"2025-12-14T13:43:09","slug":"sonora","status":"publish","type":"page","link":"https:\/\/renaissance55.fr\/index.php\/les-piliers-renaissance55\/sonora\/","title":{"rendered":"Sonora"},"content":{"rendered":"\t\t<div data-elementor-type=\"wp-page\" data-elementor-id=\"39\" class=\"elementor elementor-39\">\n\t\t\t\t<div class=\"elementor-element elementor-element-cb666f3 e-flex e-con-boxed e-con e-parent\" data-id=\"cb666f3\" data-element_type=\"container\">\n\t\t\t\t\t<div class=\"e-con-inner\">\n\t\t\t\t<div class=\"elementor-element elementor-element-9b33e7b elementor-widget elementor-widget-heading\" data-id=\"9b33e7b\" data-element_type=\"widget\" data-widget_type=\"heading.default\">\n\t\t\t\t\t<h2 class=\"elementor-heading-title elementor-size-default\">Pilier SONORA<\/h2>\t\t\t\t<\/div>\n\t\t\t\t<div class=\"elementor-element elementor-element-5d7e023 elementor-widget elementor-widget-image\" data-id=\"5d7e023\" data-element_type=\"widget\" data-widget_type=\"image.default\">\n\t\t\t\t\t\t\t\t\t\t\t\t\t\t\t<img fetchpriority=\"high\" decoding=\"async\" width=\"683\" height=\"1024\" src=\"https:\/\/renaissance55.fr\/wp-content\/uploads\/2025\/12\/photo-1748323851449-936b3b81916e-683x1024.jpeg\" class=\"attachment-large size-large wp-image-429\" alt=\"\" srcset=\"https:\/\/renaissance55.fr\/wp-content\/uploads\/2025\/12\/photo-1748323851449-936b3b81916e-683x1024.jpeg 683w, https:\/\/renaissance55.fr\/wp-content\/uploads\/2025\/12\/photo-1748323851449-936b3b81916e-200x300.jpeg 200w, https:\/\/renaissance55.fr\/wp-content\/uploads\/2025\/12\/photo-1748323851449-936b3b81916e-768x1152.jpeg 768w, https:\/\/renaissance55.fr\/wp-content\/uploads\/2025\/12\/photo-1748323851449-936b3b81916e-1024x1536.jpeg 1024w, https:\/\/renaissance55.fr\/wp-content\/uploads\/2025\/12\/photo-1748323851449-936b3b81916e-1365x2048.jpeg 1365w, https:\/\/renaissance55.fr\/wp-content\/uploads\/2025\/12\/photo-1748323851449-936b3b81916e-scaled.jpeg 1707w\" sizes=\"(max-width: 683px) 100vw, 683px\" \/>\t\t\t\t\t\t\t\t\t\t\t\t\t\t\t<\/div>\n\t\t\t\t\t<\/div>\n\t\t\t\t<\/div>\n\t\t<div class=\"elementor-element elementor-element-a77f1a6 e-flex e-con-boxed e-con e-parent\" data-id=\"a77f1a6\" data-element_type=\"container\">\n\t\t\t\t\t<div class=\"e-con-inner\">\n\t\t\t\t<div class=\"elementor-element elementor-element-97daf87 elementor-widget elementor-widget-text-editor\" data-id=\"97daf87\" data-element_type=\"widget\" data-widget_type=\"text-editor.default\">\n\t\t\t\t\t\t\t\t\t<p data-start=\"375\" data-end=\"643\"><strong>Explorer le pouvoir du son pour \u00e9couter, ressentir et se transformer.<\/strong><\/p>\t\t\t\t\t\t\t\t<\/div>\n\t\t\t\t<div class=\"elementor-element elementor-element-f841d87 elementor-widget elementor-widget-text-editor\" data-id=\"f841d87\" data-element_type=\"widget\" data-widget_type=\"text-editor.default\">\n\t\t\t\t\t\t\t\t\t<p><strong data-start=\"1777\" data-end=\"1847\">\u00ab La musique donne une \u00e2me \u00e0 nos c\u0153urs et des ailes \u00e0 la pens\u00e9e. \u00bb<\/strong><br data-start=\"1847\" data-end=\"1850\" \/>\u2014 <em data-start=\"1852\" data-end=\"1860\">Platon<\/em><\/p>\t\t\t\t\t\t\t\t<\/div>\n\t\t\t\t<div class=\"elementor-element elementor-element-be6f7f1 elementor-widget elementor-widget-text-editor\" data-id=\"be6f7f1\" data-element_type=\"widget\" data-widget_type=\"text-editor.default\">\n\t\t\t\t\t\t\t\t\t<p data-start=\"375\" data-end=\"643\"><em>Fondement du pilier : son, \u00e9coute et exp\u00e9rience sensorielle.<\/em><\/p>\t\t\t\t\t\t\t\t<\/div>\n\t\t\t\t<div class=\"elementor-element elementor-element-0302fe5 elementor-widget elementor-widget-text-editor\" data-id=\"0302fe5\" data-element_type=\"widget\" data-widget_type=\"text-editor.default\">\n\t\t\t\t\t\t\t\t\t<p data-start=\"240\" data-end=\"378\">SONORA explore les <strong data-start=\"259\" data-end=\"286\">grands univers musicaux<\/strong>, du <strong data-start=\"291\" data-end=\"299\">rock<\/strong> au <strong data-start=\"303\" data-end=\"311\">jazz<\/strong>,<br data-start=\"312\" data-end=\"315\" \/>de la <strong data-start=\"323\" data-end=\"344\">musique classique<\/strong> aux <strong data-start=\"349\" data-end=\"377\">cr\u00e9ations contemporaines<\/strong>.<br \/>Chaque style devient une <strong data-start=\"410\" data-end=\"436\">exp\u00e9rience sensorielle<\/strong> \u00e0 part enti\u00e8re :<br data-start=\"453\" data-end=\"456\" \/>\u00e9nergie du rock, libert\u00e9 du jazz, profondeur du classique,<br data-start=\"516\" data-end=\"519\" \/>audace des formes contemporaines.<br \/>\u00c0 travers ces explorations, SONORA ouvre l\u2019\u00e9coute, \u00e9largit les horizons<br data-start=\"632\" data-end=\"635\" \/>et invite \u00e0 d\u00e9couvrir le monde par la richesse et la diversit\u00e9<br data-start=\"699\" data-end=\"702\" \/>des expressions musicales.<\/p>\t\t\t\t\t\t\t\t<\/div>\n\t\t\t\t<div class=\"elementor-element elementor-element-223d173 elementor-widget elementor-widget-image\" data-id=\"223d173\" data-element_type=\"widget\" data-widget_type=\"image.default\">\n\t\t\t\t\t\t\t\t\t\t\t\t\t\t\t<img decoding=\"async\" width=\"1024\" height=\"1024\" src=\"https:\/\/renaissance55.fr\/wp-content\/uploads\/2025\/12\/ChatGPT-Image-12-dec.-2025-13_32_17.png\" class=\"attachment-large size-large wp-image-160\" alt=\"\" srcset=\"https:\/\/renaissance55.fr\/wp-content\/uploads\/2025\/12\/ChatGPT-Image-12-dec.-2025-13_32_17.png 1024w, https:\/\/renaissance55.fr\/wp-content\/uploads\/2025\/12\/ChatGPT-Image-12-dec.-2025-13_32_17-300x300.png 300w, https:\/\/renaissance55.fr\/wp-content\/uploads\/2025\/12\/ChatGPT-Image-12-dec.-2025-13_32_17-150x150.png 150w, https:\/\/renaissance55.fr\/wp-content\/uploads\/2025\/12\/ChatGPT-Image-12-dec.-2025-13_32_17-768x768.png 768w\" sizes=\"(max-width: 1024px) 100vw, 1024px\" \/>\t\t\t\t\t\t\t\t\t\t\t\t\t\t\t<\/div>\n\t\t\t\t<div class=\"elementor-element elementor-element-bd77013 elementor-widget elementor-widget-text-editor\" data-id=\"bd77013\" data-element_type=\"widget\" data-widget_type=\"text-editor.default\">\n\t\t\t\t\t\t\t\t\t<p data-start=\"852\" data-end=\"862\"><strong data-start=\"852\" data-end=\"862\">\u00c9coute<br \/><\/strong><strong data-start=\"865\" data-end=\"878\">R\u00e9sonance<br \/><\/strong><strong data-start=\"881\" data-end=\"893\">Pr\u00e9sence<\/strong><\/p>\t\t\t\t\t\t\t\t<\/div>\n\t\t\t\t\t<\/div>\n\t\t\t\t<\/div>\n\t\t<div class=\"elementor-element elementor-element-9bf7d2e e-flex e-con-boxed e-con e-parent\" data-id=\"9bf7d2e\" data-element_type=\"container\">\n\t\t\t\t\t<div class=\"e-con-inner\">\n\t\t\t\t<div class=\"elementor-element elementor-element-57534dc elementor-widget elementor-widget-text-editor\" data-id=\"57534dc\" data-element_type=\"widget\" data-widget_type=\"text-editor.default\">\n\t\t\t\t\t\t\t\t\t<h2 data-start=\"1004\" data-end=\"1041\"><strong>\u00c9couter autrement pour ressentir plus pleinement<\/strong><\/h2><p data-start=\"1043\" data-end=\"1225\">\ud83c\udfa7 \u00c9coute \u2022 \ud83d\udd0a R\u00e9sonance \u2022 \ud83c\udf0a Immersion<\/p>\t\t\t\t\t\t\t\t<\/div>\n\t\t<div class=\"elementor-element elementor-element-1e6c9ca e-con-full e-flex e-con e-child\" data-id=\"1e6c9ca\" data-element_type=\"container\">\n\t\t\t\t<div class=\"elementor-element elementor-element-6eb223c elementor-widget__width-initial elementor-widget-divider--view-line elementor-widget elementor-widget-divider\" data-id=\"6eb223c\" data-element_type=\"widget\" data-widget_type=\"divider.default\">\n\t\t\t\t\t\t\t<div class=\"elementor-divider\">\n\t\t\t<span class=\"elementor-divider-separator\">\n\t\t\t\t\t\t<\/span>\n\t\t<\/div>\n\t\t\t\t\t\t<\/div>\n\t\t\t\t<div class=\"elementor-element elementor-element-14832ec elementor-widget elementor-widget-heading\" data-id=\"14832ec\" data-element_type=\"widget\" data-widget_type=\"heading.default\">\n\t\t\t\t\t<h1 class=\"elementor-heading-title elementor-size-default\">Laisser le son ouvrir de nouveaux espaces int\u00e9rieurs<\/h1>\t\t\t\t<\/div>\n\t\t\t\t<div class=\"elementor-element elementor-element-7b74a60 elementor-widget__width-initial elementor-widget-divider--view-line elementor-widget elementor-widget-divider\" data-id=\"7b74a60\" data-element_type=\"widget\" data-widget_type=\"divider.default\">\n\t\t\t\t\t\t\t<div class=\"elementor-divider\">\n\t\t\t<span class=\"elementor-divider-separator\">\n\t\t\t\t\t\t<\/span>\n\t\t<\/div>\n\t\t\t\t\t\t<\/div>\n\t\t\t\t<\/div>\n\t\t\t\t\t<\/div>\n\t\t\t\t<\/div>\n\t\t<div class=\"elementor-element elementor-element-12cb54a e-flex e-con-boxed e-con e-parent\" data-id=\"12cb54a\" data-element_type=\"container\">\n\t\t\t\t\t<div class=\"e-con-inner\">\n\t\t\t\t<div class=\"elementor-element elementor-element-bc42c22 elementor-align-center elementor-widget elementor-widget-button\" data-id=\"bc42c22\" data-element_type=\"widget\" data-widget_type=\"button.default\">\n\t\t\t\t\t\t\t\t\t\t<a class=\"elementor-button elementor-button-link elementor-size-sm\" href=\"https:\/\/renaissance55.fr\/index.php\/les-piliers-renaissance55\/\">\n\t\t\t\t\t\t<span class=\"elementor-button-content-wrapper\">\n\t\t\t\t\t\t\t\t\t<span class=\"elementor-button-text\">Retourner aux 8 Piliers<\/span>\n\t\t\t\t\t<\/span>\n\t\t\t\t\t<\/a>\n\t\t\t\t\t\t\t\t<\/div>\n\t\t\t\t\t<\/div>\n\t\t\t\t<\/div>\n\t\t<div class=\"elementor-element elementor-element-fce1103 e-flex e-con-boxed e-con e-parent\" data-id=\"fce1103\" data-element_type=\"container\">\n\t\t\t\t\t<div class=\"e-con-inner\">\n\t\t\t\t<div class=\"elementor-element elementor-element-9d554b0 elementor-align-center elementor-widget elementor-widget-button\" data-id=\"9d554b0\" data-element_type=\"widget\" data-widget_type=\"button.default\">\n\t\t\t\t\t\t\t\t\t\t<a class=\"elementor-button elementor-button-link elementor-size-sm\" href=\"https:\/\/renaissance55.fr\/index.php\/contact\/\">\n\t\t\t\t\t\t<span class=\"elementor-button-content-wrapper\">\n\t\t\t\t\t\t\t\t\t<span class=\"elementor-button-text\">Entrer en contact<\/span>\n\t\t\t\t\t<\/span>\n\t\t\t\t\t<\/a>\n\t\t\t\t\t\t\t\t<\/div>\n\t\t\t\t\t<\/div>\n\t\t\t\t<\/div>\n\t\t\t\t<\/div>\n\t\t","protected":false},"excerpt":{"rendered":"<p>Pilier SONORA Explorer le pouvoir du son pour \u00e9couter, ressentir et se transformer. \u00ab La musique donne une \u00e2me \u00e0 [&hellip;]<\/p>\n","protected":false},"author":1,"featured_media":0,"parent":178,"menu_order":0,"comment_status":"closed","ping_status":"closed","template":"","meta":{"site-sidebar-layout":"no-sidebar","site-content-layout":"","ast-site-content-layout":"full-width-container","site-content-style":"default","site-sidebar-style":"default","ast-global-header-display":"","ast-banner-title-visibility":"","ast-main-header-display":"","ast-hfb-above-header-display":"","ast-hfb-below-header-display":"","ast-hfb-mobile-header-display":"","site-post-title":"","ast-breadcrumbs-content":"","ast-featured-img":"disabled","footer-sml-layout":"","theme-transparent-header-meta":"","adv-header-id-meta":"","stick-header-meta":"","header-above-stick-meta":"","header-main-stick-meta":"","header-below-stick-meta":"","astra-migrate-meta-layouts":"default","ast-page-background-enabled":"default","ast-page-background-meta":{"desktop":{"background-color":"var(--ast-global-color-5)","background-image":"","background-repeat":"repeat","background-position":"center center","background-size":"auto","background-attachment":"scroll","background-type":"","background-media":"","overlay-type":"","overlay-color":"","overlay-opacity":"","overlay-gradient":""},"tablet":{"background-color":"","background-image":"","background-repeat":"repeat","background-position":"center center","background-size":"auto","background-attachment":"scroll","background-type":"","background-media":"","overlay-type":"","overlay-color":"","overlay-opacity":"","overlay-gradient":""},"mobile":{"background-color":"","background-image":"","background-repeat":"repeat","background-position":"center center","background-size":"auto","background-attachment":"scroll","background-type":"","background-media":"","overlay-type":"","overlay-color":"","overlay-opacity":"","overlay-gradient":""}},"ast-content-background-meta":{"desktop":{"background-color":"var(--ast-global-color-4)","background-image":"","background-repeat":"repeat","background-position":"center center","background-size":"auto","background-attachment":"scroll","background-type":"","background-media":"","overlay-type":"","overlay-color":"","overlay-opacity":"","overlay-gradient":""},"tablet":{"background-color":"var(--ast-global-color-4)","background-image":"","background-repeat":"repeat","background-position":"center center","background-size":"auto","background-attachment":"scroll","background-type":"","background-media":"","overlay-type":"","overlay-color":"","overlay-opacity":"","overlay-gradient":""},"mobile":{"background-color":"var(--ast-global-color-4)","background-image":"","background-repeat":"repeat","background-position":"center center","background-size":"auto","background-attachment":"scroll","background-type":"","background-media":"","overlay-type":"","overlay-color":"","overlay-opacity":"","overlay-gradient":""}},"footnotes":""},"class_list":["post-39","page","type-page","status-publish","hentry"],"yoast_head":"<!-- This site is optimized with the Yoast SEO plugin v26.5 - https:\/\/yoast.com\/wordpress\/plugins\/seo\/ -->\n<title>Sonora - Renaissance55<\/title>\n<meta name=\"robots\" content=\"index, follow, max-snippet:-1, max-image-preview:large, max-video-preview:-1\" \/>\n<link rel=\"canonical\" href=\"https:\/\/renaissance55.fr\/index.php\/les-piliers-renaissance55\/sonora\/\" \/>\n<meta property=\"og:locale\" content=\"fr_FR\" \/>\n<meta property=\"og:type\" content=\"article\" \/>\n<meta property=\"og:title\" content=\"Sonora - Renaissance55\" \/>\n<meta property=\"og:description\" content=\"Pilier SONORA Explorer le pouvoir du son pour \u00e9couter, ressentir et se transformer. \u00ab La musique donne une \u00e2me \u00e0 [&hellip;]\" \/>\n<meta property=\"og:url\" content=\"https:\/\/renaissance55.fr\/index.php\/les-piliers-renaissance55\/sonora\/\" \/>\n<meta property=\"og:site_name\" content=\"Renaissance55\" \/>\n<meta property=\"article:modified_time\" content=\"2025-12-14T13:43:09+00:00\" \/>\n<meta property=\"og:image\" content=\"https:\/\/renaissance55.fr\/wp-content\/uploads\/2025\/12\/photo-1748323851449-936b3b81916e-scaled.jpeg\" \/>\n\t<meta property=\"og:image:width\" content=\"1707\" \/>\n\t<meta property=\"og:image:height\" content=\"2560\" \/>\n\t<meta property=\"og:image:type\" content=\"image\/jpeg\" \/>\n<meta name=\"twitter:card\" content=\"summary_large_image\" \/>\n<meta name=\"twitter:label1\" content=\"Dur\u00e9e de lecture estim\u00e9e\" \/>\n\t<meta name=\"twitter:data1\" content=\"2 minutes\" \/>\n<script type=\"application\/ld+json\" class=\"yoast-schema-graph\">{\"@context\":\"https:\/\/schema.org\",\"@graph\":[{\"@type\":\"WebPage\",\"@id\":\"https:\/\/renaissance55.fr\/index.php\/les-piliers-renaissance55\/sonora\/\",\"url\":\"https:\/\/renaissance55.fr\/index.php\/les-piliers-renaissance55\/sonora\/\",\"name\":\"Sonora - Renaissance55\",\"isPartOf\":{\"@id\":\"https:\/\/renaissance55.fr\/#website\"},\"primaryImageOfPage\":{\"@id\":\"https:\/\/renaissance55.fr\/index.php\/les-piliers-renaissance55\/sonora\/#primaryimage\"},\"image\":{\"@id\":\"https:\/\/renaissance55.fr\/index.php\/les-piliers-renaissance55\/sonora\/#primaryimage\"},\"thumbnailUrl\":\"https:\/\/renaissance55.fr\/wp-content\/uploads\/2025\/12\/photo-1748323851449-936b3b81916e-683x1024.jpeg\",\"datePublished\":\"2025-11-30T08:23:44+00:00\",\"dateModified\":\"2025-12-14T13:43:09+00:00\",\"breadcrumb\":{\"@id\":\"https:\/\/renaissance55.fr\/index.php\/les-piliers-renaissance55\/sonora\/#breadcrumb\"},\"inLanguage\":\"fr-FR\",\"potentialAction\":[{\"@type\":\"ReadAction\",\"target\":[\"https:\/\/renaissance55.fr\/index.php\/les-piliers-renaissance55\/sonora\/\"]}]},{\"@type\":\"ImageObject\",\"inLanguage\":\"fr-FR\",\"@id\":\"https:\/\/renaissance55.fr\/index.php\/les-piliers-renaissance55\/sonora\/#primaryimage\",\"url\":\"https:\/\/renaissance55.fr\/wp-content\/uploads\/2025\/12\/photo-1748323851449-936b3b81916e-scaled.jpeg\",\"contentUrl\":\"https:\/\/renaissance55.fr\/wp-content\/uploads\/2025\/12\/photo-1748323851449-936b3b81916e-scaled.jpeg\",\"width\":1707,\"height\":2560},{\"@type\":\"BreadcrumbList\",\"@id\":\"https:\/\/renaissance55.fr\/index.php\/les-piliers-renaissance55\/sonora\/#breadcrumb\",\"itemListElement\":[{\"@type\":\"ListItem\",\"position\":1,\"name\":\"Accueil\",\"item\":\"https:\/\/renaissance55.fr\/\"},{\"@type\":\"ListItem\",\"position\":2,\"name\":\"Les Piliers Renaissance55\",\"item\":\"https:\/\/renaissance55.fr\/index.php\/les-piliers-renaissance55\/\"},{\"@type\":\"ListItem\",\"position\":3,\"name\":\"Sonora\"}]},{\"@type\":\"WebSite\",\"@id\":\"https:\/\/renaissance55.fr\/#website\",\"url\":\"https:\/\/renaissance55.fr\/\",\"name\":\"Renaissance55\",\"description\":\"Le programme de transformation personnelle 55+\",\"publisher\":{\"@id\":\"https:\/\/renaissance55.fr\/#organization\"},\"potentialAction\":[{\"@type\":\"SearchAction\",\"target\":{\"@type\":\"EntryPoint\",\"urlTemplate\":\"https:\/\/renaissance55.fr\/?s={search_term_string}\"},\"query-input\":{\"@type\":\"PropertyValueSpecification\",\"valueRequired\":true,\"valueName\":\"search_term_string\"}}],\"inLanguage\":\"fr-FR\"},{\"@type\":\"Organization\",\"@id\":\"https:\/\/renaissance55.fr\/#organization\",\"name\":\"Renaissance55\",\"url\":\"https:\/\/renaissance55.fr\/\",\"logo\":{\"@type\":\"ImageObject\",\"inLanguage\":\"fr-FR\",\"@id\":\"https:\/\/renaissance55.fr\/#\/schema\/logo\/image\/\",\"url\":\"https:\/\/renaissance55.fr\/wp-content\/uploads\/2025\/12\/Logo-de-Renaissance55-moderne-et-epure.jpg\",\"contentUrl\":\"https:\/\/renaissance55.fr\/wp-content\/uploads\/2025\/12\/Logo-de-Renaissance55-moderne-et-epure.jpg\",\"width\":1024,\"height\":1024,\"caption\":\"Renaissance55\"},\"image\":{\"@id\":\"https:\/\/renaissance55.fr\/#\/schema\/logo\/image\/\"},\"sameAs\":[\"https:\/\/www.linkedin.com\/in\/pierreoliviercostagliola\/\"]}]}<\/script>\n<!-- \/ Yoast SEO plugin. -->","yoast_head_json":{"title":"Sonora - Renaissance55","robots":{"index":"index","follow":"follow","max-snippet":"max-snippet:-1","max-image-preview":"max-image-preview:large","max-video-preview":"max-video-preview:-1"},"canonical":"https:\/\/renaissance55.fr\/index.php\/les-piliers-renaissance55\/sonora\/","og_locale":"fr_FR","og_type":"article","og_title":"Sonora - Renaissance55","og_description":"Pilier SONORA Explorer le pouvoir du son pour \u00e9couter, ressentir et se transformer. \u00ab La musique donne une \u00e2me \u00e0 [&hellip;]","og_url":"https:\/\/renaissance55.fr\/index.php\/les-piliers-renaissance55\/sonora\/","og_site_name":"Renaissance55","article_modified_time":"2025-12-14T13:43:09+00:00","og_image":[{"width":1707,"height":2560,"url":"https:\/\/renaissance55.fr\/wp-content\/uploads\/2025\/12\/photo-1748323851449-936b3b81916e-scaled.jpeg","type":"image\/jpeg"}],"twitter_card":"summary_large_image","twitter_misc":{"Dur\u00e9e de lecture estim\u00e9e":"2 minutes"},"schema":{"@context":"https:\/\/schema.org","@graph":[{"@type":"WebPage","@id":"https:\/\/renaissance55.fr\/index.php\/les-piliers-renaissance55\/sonora\/","url":"https:\/\/renaissance55.fr\/index.php\/les-piliers-renaissance55\/sonora\/","name":"Sonora - Renaissance55","isPartOf":{"@id":"https:\/\/renaissance55.fr\/#website"},"primaryImageOfPage":{"@id":"https:\/\/renaissance55.fr\/index.php\/les-piliers-renaissance55\/sonora\/#primaryimage"},"image":{"@id":"https:\/\/renaissance55.fr\/index.php\/les-piliers-renaissance55\/sonora\/#primaryimage"},"thumbnailUrl":"https:\/\/renaissance55.fr\/wp-content\/uploads\/2025\/12\/photo-1748323851449-936b3b81916e-683x1024.jpeg","datePublished":"2025-11-30T08:23:44+00:00","dateModified":"2025-12-14T13:43:09+00:00","breadcrumb":{"@id":"https:\/\/renaissance55.fr\/index.php\/les-piliers-renaissance55\/sonora\/#breadcrumb"},"inLanguage":"fr-FR","potentialAction":[{"@type":"ReadAction","target":["https:\/\/renaissance55.fr\/index.php\/les-piliers-renaissance55\/sonora\/"]}]},{"@type":"ImageObject","inLanguage":"fr-FR","@id":"https:\/\/renaissance55.fr\/index.php\/les-piliers-renaissance55\/sonora\/#primaryimage","url":"https:\/\/renaissance55.fr\/wp-content\/uploads\/2025\/12\/photo-1748323851449-936b3b81916e-scaled.jpeg","contentUrl":"https:\/\/renaissance55.fr\/wp-content\/uploads\/2025\/12\/photo-1748323851449-936b3b81916e-scaled.jpeg","width":1707,"height":2560},{"@type":"BreadcrumbList","@id":"https:\/\/renaissance55.fr\/index.php\/les-piliers-renaissance55\/sonora\/#breadcrumb","itemListElement":[{"@type":"ListItem","position":1,"name":"Accueil","item":"https:\/\/renaissance55.fr\/"},{"@type":"ListItem","position":2,"name":"Les Piliers Renaissance55","item":"https:\/\/renaissance55.fr\/index.php\/les-piliers-renaissance55\/"},{"@type":"ListItem","position":3,"name":"Sonora"}]},{"@type":"WebSite","@id":"https:\/\/renaissance55.fr\/#website","url":"https:\/\/renaissance55.fr\/","name":"Renaissance55","description":"Le programme de transformation personnelle 55+","publisher":{"@id":"https:\/\/renaissance55.fr\/#organization"},"potentialAction":[{"@type":"SearchAction","target":{"@type":"EntryPoint","urlTemplate":"https:\/\/renaissance55.fr\/?s={search_term_string}"},"query-input":{"@type":"PropertyValueSpecification","valueRequired":true,"valueName":"search_term_string"}}],"inLanguage":"fr-FR"},{"@type":"Organization","@id":"https:\/\/renaissance55.fr\/#organization","name":"Renaissance55","url":"https:\/\/renaissance55.fr\/","logo":{"@type":"ImageObject","inLanguage":"fr-FR","@id":"https:\/\/renaissance55.fr\/#\/schema\/logo\/image\/","url":"https:\/\/renaissance55.fr\/wp-content\/uploads\/2025\/12\/Logo-de-Renaissance55-moderne-et-epure.jpg","contentUrl":"https:\/\/renaissance55.fr\/wp-content\/uploads\/2025\/12\/Logo-de-Renaissance55-moderne-et-epure.jpg","width":1024,"height":1024,"caption":"Renaissance55"},"image":{"@id":"https:\/\/renaissance55.fr\/#\/schema\/logo\/image\/"},"sameAs":["https:\/\/www.linkedin.com\/in\/pierreoliviercostagliola\/"]}]}},"_links":{"self":[{"href":"https:\/\/renaissance55.fr\/index.php\/wp-json\/wp\/v2\/pages\/39","targetHints":{"allow":["GET"]}}],"collection":[{"href":"https:\/\/renaissance55.fr\/index.php\/wp-json\/wp\/v2\/pages"}],"about":[{"href":"https:\/\/renaissance55.fr\/index.php\/wp-json\/wp\/v2\/types\/page"}],"author":[{"embeddable":true,"href":"https:\/\/renaissance55.fr\/index.php\/wp-json\/wp\/v2\/users\/1"}],"replies":[{"embeddable":true,"href":"https:\/\/renaissance55.fr\/index.php\/wp-json\/wp\/v2\/comments?post=39"}],"version-history":[{"count":25,"href":"https:\/\/renaissance55.fr\/index.php\/wp-json\/wp\/v2\/pages\/39\/revisions"}],"predecessor-version":[{"id":574,"href":"https:\/\/renaissance55.fr\/index.php\/wp-json\/wp\/v2\/pages\/39\/revisions\/574"}],"up":[{"embeddable":true,"href":"https:\/\/renaissance55.fr\/index.php\/wp-json\/wp\/v2\/pages\/178"}],"wp:attachment":[{"href":"https:\/\/renaissance55.fr\/index.php\/wp-json\/wp\/v2\/media?parent=39"}],"curies":[{"name":"wp","href":"https:\/\/api.w.org\/{rel}","templated":true}]}}