{"id":52,"date":"2025-11-30T09:36:52","date_gmt":"2025-11-30T08:36:52","guid":{"rendered":"https:\/\/renaissance55.fr\/?page_id=52"},"modified":"2025-12-14T14:44:18","modified_gmt":"2025-12-14T13:44:18","slug":"creatia","status":"publish","type":"page","link":"https:\/\/renaissance55.fr\/index.php\/les-piliers-renaissance55\/creatia\/","title":{"rendered":"Creatia"},"content":{"rendered":"\t\t<div data-elementor-type=\"wp-page\" data-elementor-id=\"52\" class=\"elementor elementor-52\">\n\t\t\t\t<div class=\"elementor-element elementor-element-06fc8d1 e-flex e-con-boxed e-con e-parent\" data-id=\"06fc8d1\" data-element_type=\"container\">\n\t\t\t\t\t<div class=\"e-con-inner\">\n\t\t\t\t<div class=\"elementor-element elementor-element-9181f4a elementor-widget elementor-widget-heading\" data-id=\"9181f4a\" data-element_type=\"widget\" data-widget_type=\"heading.default\">\n\t\t\t\t\t<h2 class=\"elementor-heading-title elementor-size-default\">Pilier CREATIA<\/h2>\t\t\t\t<\/div>\n\t\t\t\t<div class=\"elementor-element elementor-element-2679d38 elementor-widget elementor-widget-image\" data-id=\"2679d38\" data-element_type=\"widget\" data-widget_type=\"image.default\">\n\t\t\t\t\t\t\t\t\t\t\t\t\t\t\t<img fetchpriority=\"high\" decoding=\"async\" width=\"1000\" height=\"1000\" src=\"https:\/\/renaissance55.fr\/wp-content\/uploads\/2025\/12\/NU0161360.jpg\" class=\"attachment-large size-large wp-image-427\" alt=\"\" srcset=\"https:\/\/renaissance55.fr\/wp-content\/uploads\/2025\/12\/NU0161360.jpg 1000w, https:\/\/renaissance55.fr\/wp-content\/uploads\/2025\/12\/NU0161360-300x300.jpg 300w, https:\/\/renaissance55.fr\/wp-content\/uploads\/2025\/12\/NU0161360-150x150.jpg 150w, https:\/\/renaissance55.fr\/wp-content\/uploads\/2025\/12\/NU0161360-768x768.jpg 768w\" sizes=\"(max-width: 1000px) 100vw, 1000px\" \/>\t\t\t\t\t\t\t\t\t\t\t\t\t\t\t<\/div>\n\t\t\t\t\t<\/div>\n\t\t\t\t<\/div>\n\t\t<div class=\"elementor-element elementor-element-74a5962 e-flex e-con-boxed e-con e-parent\" data-id=\"74a5962\" data-element_type=\"container\">\n\t\t\t\t\t<div class=\"e-con-inner\">\n\t\t\t\t<div class=\"elementor-element elementor-element-ec82ecd elementor-widget elementor-widget-text-editor\" data-id=\"ec82ecd\" data-element_type=\"widget\" data-widget_type=\"text-editor.default\">\n\t\t\t\t\t\t\t\t\t<p data-start=\"375\" data-end=\"643\"><strong>Exprimer, cr\u00e9er et transformer par l\u2019\u00e9lan cr\u00e9atif.<\/strong><\/p>\t\t\t\t\t\t\t\t<\/div>\n\t\t\t\t<div class=\"elementor-element elementor-element-e06c68e elementor-widget elementor-widget-text-editor\" data-id=\"e06c68e\" data-element_type=\"widget\" data-widget_type=\"text-editor.default\">\n\t\t\t\t\t\t\t\t\t<p><strong data-start=\"1886\" data-end=\"1942\">\u00ab La cr\u00e9ativit\u00e9, c\u2019est l\u2019intelligence qui s\u2019amuse. \u00bb<\/strong><br data-start=\"1942\" data-end=\"1945\" \/>\u2014 <em data-start=\"1947\" data-end=\"1964\">Albert Einstein<\/em><\/p>\t\t\t\t\t\t\t\t<\/div>\n\t\t\t\t<div class=\"elementor-element elementor-element-0a3bf52 elementor-widget elementor-widget-text-editor\" data-id=\"0a3bf52\" data-element_type=\"widget\" data-widget_type=\"text-editor.default\">\n\t\t\t\t\t\t\t\t\t<p data-start=\"375\" data-end=\"643\"><em>Fondement du pilier : cr\u00e9ativit\u00e9, expression et transformation.<\/em><\/p>\t\t\t\t\t\t\t\t<\/div>\n\t\t\t\t<div class=\"elementor-element elementor-element-6e8a331 elementor-widget elementor-widget-text-editor\" data-id=\"6e8a331\" data-element_type=\"widget\" data-widget_type=\"text-editor.default\">\n\t\t\t\t\t\t\t\t\t<p data-start=\"458\" data-end=\"655\">CREATIA ouvre un espace d\u2019<strong data-start=\"484\" data-end=\"524\">expression cr\u00e9ative libre et vivante<\/strong>.<br data-start=\"525\" data-end=\"528\" \/>Il encourage \u00e0 explorer ses id\u00e9es, ses formes d\u2019expression<br data-start=\"586\" data-end=\"589\" \/>et ses talents, qu\u2019ils soient artistiques, manuels ou conceptuels.<\/p><p data-start=\"657\" data-end=\"804\">La cr\u00e9ation devient un <strong data-start=\"680\" data-end=\"720\">levier de transformation personnelle<\/strong>,<br data-start=\"721\" data-end=\"724\" \/>un moyen d\u2019oser, d\u2019exp\u00e9rimenter et de donner forme<br data-start=\"774\" data-end=\"777\" \/>\u00e0 ce qui cherche \u00e0 \u00e9merger.<\/p>\t\t\t\t\t\t\t\t<\/div>\n\t\t\t\t<div class=\"elementor-element elementor-element-ad22f59 elementor-widget elementor-widget-image\" data-id=\"ad22f59\" data-element_type=\"widget\" data-widget_type=\"image.default\">\n\t\t\t\t\t\t\t\t\t\t\t\t\t\t\t<img decoding=\"async\" width=\"1024\" height=\"1024\" src=\"https:\/\/renaissance55.fr\/wp-content\/uploads\/2025\/12\/ChatGPT-Image-12-dec.-2025-13_40_34.png\" class=\"attachment-large size-large wp-image-161\" alt=\"\" srcset=\"https:\/\/renaissance55.fr\/wp-content\/uploads\/2025\/12\/ChatGPT-Image-12-dec.-2025-13_40_34.png 1024w, https:\/\/renaissance55.fr\/wp-content\/uploads\/2025\/12\/ChatGPT-Image-12-dec.-2025-13_40_34-300x300.png 300w, https:\/\/renaissance55.fr\/wp-content\/uploads\/2025\/12\/ChatGPT-Image-12-dec.-2025-13_40_34-150x150.png 150w, https:\/\/renaissance55.fr\/wp-content\/uploads\/2025\/12\/ChatGPT-Image-12-dec.-2025-13_40_34-768x768.png 768w\" sizes=\"(max-width: 1024px) 100vw, 1024px\" \/>\t\t\t\t\t\t\t\t\t\t\t\t\t\t\t<\/div>\n\t\t\t\t<div class=\"elementor-element elementor-element-85753e8 elementor-widget elementor-widget-text-editor\" data-id=\"85753e8\" data-element_type=\"widget\" data-widget_type=\"text-editor.default\">\n\t\t\t\t\t\t\t\t\t<p data-start=\"844\" data-end=\"858\"><strong data-start=\"844\" data-end=\"858\">Expression<br \/><\/strong><strong data-start=\"861\" data-end=\"876\">Imagination<br \/><\/strong><strong data-start=\"879\" data-end=\"897\">Transformation<\/strong><\/p>\t\t\t\t\t\t\t\t<\/div>\n\t\t\t\t\t<\/div>\n\t\t\t\t<\/div>\n\t\t<div class=\"elementor-element elementor-element-1595ca7 e-flex e-con-boxed e-con e-parent\" data-id=\"1595ca7\" data-element_type=\"container\">\n\t\t\t\t\t<div class=\"e-con-inner\">\n\t\t\t\t<div class=\"elementor-element elementor-element-eefbee2 elementor-widget elementor-widget-text-editor\" data-id=\"eefbee2\" data-element_type=\"widget\" data-widget_type=\"text-editor.default\">\n\t\t\t\t\t\t\t\t\t<h2 data-start=\"1004\" data-end=\"1041\"><strong>Cr\u00e9er pour explorer, exprimer et se renouveler<\/strong><\/h2><p data-start=\"1043\" data-end=\"1225\">\ud83c\udfa8 Expression \u2022 \u2728 Imagination \u2022 \ud83d\udd01 Transformation<\/p>\t\t\t\t\t\t\t\t<\/div>\n\t\t<div class=\"elementor-element elementor-element-a4e6acc e-con-full e-flex e-con e-child\" data-id=\"a4e6acc\" data-element_type=\"container\">\n\t\t\t\t<div class=\"elementor-element elementor-element-40e7ad9 elementor-widget__width-initial elementor-widget-divider--view-line elementor-widget elementor-widget-divider\" data-id=\"40e7ad9\" data-element_type=\"widget\" data-widget_type=\"divider.default\">\n\t\t\t\t\t\t\t<div class=\"elementor-divider\">\n\t\t\t<span class=\"elementor-divider-separator\">\n\t\t\t\t\t\t<\/span>\n\t\t<\/div>\n\t\t\t\t\t\t<\/div>\n\t\t\t\t<div class=\"elementor-element elementor-element-8c2228d elementor-widget elementor-widget-heading\" data-id=\"8c2228d\" data-element_type=\"widget\" data-widget_type=\"heading.default\">\n\t\t\t\t\t<h1 class=\"elementor-heading-title elementor-size-default\">Lib\u00e9rer la cr\u00e9ativit\u00e9 pour ouvrir de nouveaux possibles<\/h1>\t\t\t\t<\/div>\n\t\t\t\t<div class=\"elementor-element elementor-element-a7877ed elementor-widget__width-initial elementor-widget-divider--view-line elementor-widget elementor-widget-divider\" data-id=\"a7877ed\" data-element_type=\"widget\" data-widget_type=\"divider.default\">\n\t\t\t\t\t\t\t<div class=\"elementor-divider\">\n\t\t\t<span class=\"elementor-divider-separator\">\n\t\t\t\t\t\t<\/span>\n\t\t<\/div>\n\t\t\t\t\t\t<\/div>\n\t\t\t\t<\/div>\n\t\t\t\t\t<\/div>\n\t\t\t\t<\/div>\n\t\t<div class=\"elementor-element elementor-element-45e0a8f e-flex e-con-boxed e-con e-parent\" data-id=\"45e0a8f\" data-element_type=\"container\">\n\t\t\t\t\t<div class=\"e-con-inner\">\n\t\t\t\t<div class=\"elementor-element elementor-element-d97abcd elementor-align-center elementor-widget elementor-widget-button\" data-id=\"d97abcd\" data-element_type=\"widget\" data-widget_type=\"button.default\">\n\t\t\t\t\t\t\t\t\t\t<a class=\"elementor-button elementor-button-link elementor-size-sm\" href=\"https:\/\/renaissance55.fr\/index.php\/les-piliers-renaissance55\/\">\n\t\t\t\t\t\t<span class=\"elementor-button-content-wrapper\">\n\t\t\t\t\t\t\t\t\t<span class=\"elementor-button-text\">Retourner aux 8 Piliers<\/span>\n\t\t\t\t\t<\/span>\n\t\t\t\t\t<\/a>\n\t\t\t\t\t\t\t\t<\/div>\n\t\t\t\t\t<\/div>\n\t\t\t\t<\/div>\n\t\t<div class=\"elementor-element elementor-element-3e1853f e-flex e-con-boxed e-con e-parent\" data-id=\"3e1853f\" data-element_type=\"container\">\n\t\t\t\t\t<div class=\"e-con-inner\">\n\t\t\t\t<div class=\"elementor-element elementor-element-64be8b4 elementor-align-center elementor-widget elementor-widget-button\" data-id=\"64be8b4\" data-element_type=\"widget\" data-widget_type=\"button.default\">\n\t\t\t\t\t\t\t\t\t\t<a class=\"elementor-button elementor-button-link elementor-size-sm\" href=\"https:\/\/renaissance55.fr\/index.php\/contact\/\">\n\t\t\t\t\t\t<span class=\"elementor-button-content-wrapper\">\n\t\t\t\t\t\t\t\t\t<span class=\"elementor-button-text\">Entrer en contact<\/span>\n\t\t\t\t\t<\/span>\n\t\t\t\t\t<\/a>\n\t\t\t\t\t\t\t\t<\/div>\n\t\t\t\t\t<\/div>\n\t\t\t\t<\/div>\n\t\t\t\t<\/div>\n\t\t","protected":false},"excerpt":{"rendered":"<p>Pilier CREATIA Exprimer, cr\u00e9er et transformer par l\u2019\u00e9lan cr\u00e9atif. \u00ab La cr\u00e9ativit\u00e9, c\u2019est l\u2019intelligence qui s\u2019amuse. \u00bb\u2014 Albert Einstein Fondement [&hellip;]<\/p>\n","protected":false},"author":1,"featured_media":0,"parent":178,"menu_order":0,"comment_status":"closed","ping_status":"closed","template":"","meta":{"site-sidebar-layout":"no-sidebar","site-content-layout":"","ast-site-content-layout":"full-width-container","site-content-style":"default","site-sidebar-style":"default","ast-global-header-display":"","ast-banner-title-visibility":"","ast-main-header-display":"","ast-hfb-above-header-display":"","ast-hfb-below-header-display":"","ast-hfb-mobile-header-display":"","site-post-title":"","ast-breadcrumbs-content":"","ast-featured-img":"disabled","footer-sml-layout":"","theme-transparent-header-meta":"","adv-header-id-meta":"","stick-header-meta":"","header-above-stick-meta":"","header-main-stick-meta":"","header-below-stick-meta":"","astra-migrate-meta-layouts":"default","ast-page-background-enabled":"default","ast-page-background-meta":{"desktop":{"background-color":"var(--ast-global-color-5)","background-image":"","background-repeat":"repeat","background-position":"center center","background-size":"auto","background-attachment":"scroll","background-type":"","background-media":"","overlay-type":"","overlay-color":"","overlay-opacity":"","overlay-gradient":""},"tablet":{"background-color":"","background-image":"","background-repeat":"repeat","background-position":"center center","background-size":"auto","background-attachment":"scroll","background-type":"","background-media":"","overlay-type":"","overlay-color":"","overlay-opacity":"","overlay-gradient":""},"mobile":{"background-color":"","background-image":"","background-repeat":"repeat","background-position":"center center","background-size":"auto","background-attachment":"scroll","background-type":"","background-media":"","overlay-type":"","overlay-color":"","overlay-opacity":"","overlay-gradient":""}},"ast-content-background-meta":{"desktop":{"background-color":"var(--ast-global-color-4)","background-image":"","background-repeat":"repeat","background-position":"center center","background-size":"auto","background-attachment":"scroll","background-type":"","background-media":"","overlay-type":"","overlay-color":"","overlay-opacity":"","overlay-gradient":""},"tablet":{"background-color":"var(--ast-global-color-4)","background-image":"","background-repeat":"repeat","background-position":"center center","background-size":"auto","background-attachment":"scroll","background-type":"","background-media":"","overlay-type":"","overlay-color":"","overlay-opacity":"","overlay-gradient":""},"mobile":{"background-color":"var(--ast-global-color-4)","background-image":"","background-repeat":"repeat","background-position":"center center","background-size":"auto","background-attachment":"scroll","background-type":"","background-media":"","overlay-type":"","overlay-color":"","overlay-opacity":"","overlay-gradient":""}},"footnotes":""},"class_list":["post-52","page","type-page","status-publish","hentry"],"yoast_head":"<!-- This site is optimized with the Yoast SEO plugin v26.5 - https:\/\/yoast.com\/wordpress\/plugins\/seo\/ -->\n<title>Creatia - Renaissance55<\/title>\n<meta name=\"robots\" content=\"index, follow, max-snippet:-1, max-image-preview:large, max-video-preview:-1\" \/>\n<link rel=\"canonical\" href=\"https:\/\/renaissance55.fr\/index.php\/les-piliers-renaissance55\/creatia\/\" \/>\n<meta property=\"og:locale\" content=\"fr_FR\" \/>\n<meta property=\"og:type\" content=\"article\" \/>\n<meta property=\"og:title\" content=\"Creatia - Renaissance55\" \/>\n<meta property=\"og:description\" content=\"Pilier CREATIA Exprimer, cr\u00e9er et transformer par l\u2019\u00e9lan cr\u00e9atif. \u00ab La cr\u00e9ativit\u00e9, c\u2019est l\u2019intelligence qui s\u2019amuse. \u00bb\u2014 Albert Einstein Fondement [&hellip;]\" \/>\n<meta property=\"og:url\" content=\"https:\/\/renaissance55.fr\/index.php\/les-piliers-renaissance55\/creatia\/\" \/>\n<meta property=\"og:site_name\" content=\"Renaissance55\" \/>\n<meta property=\"article:modified_time\" content=\"2025-12-14T13:44:18+00:00\" \/>\n<meta property=\"og:image\" content=\"https:\/\/renaissance55.fr\/wp-content\/uploads\/2025\/12\/NU0161360.jpg\" \/>\n\t<meta property=\"og:image:width\" content=\"1000\" \/>\n\t<meta property=\"og:image:height\" content=\"1000\" \/>\n\t<meta property=\"og:image:type\" content=\"image\/jpeg\" \/>\n<meta name=\"twitter:card\" content=\"summary_large_image\" \/>\n<meta name=\"twitter:label1\" content=\"Dur\u00e9e de lecture estim\u00e9e\" \/>\n\t<meta name=\"twitter:data1\" content=\"2 minutes\" \/>\n<script type=\"application\/ld+json\" class=\"yoast-schema-graph\">{\"@context\":\"https:\/\/schema.org\",\"@graph\":[{\"@type\":\"WebPage\",\"@id\":\"https:\/\/renaissance55.fr\/index.php\/les-piliers-renaissance55\/creatia\/\",\"url\":\"https:\/\/renaissance55.fr\/index.php\/les-piliers-renaissance55\/creatia\/\",\"name\":\"Creatia - Renaissance55\",\"isPartOf\":{\"@id\":\"https:\/\/renaissance55.fr\/#website\"},\"primaryImageOfPage\":{\"@id\":\"https:\/\/renaissance55.fr\/index.php\/les-piliers-renaissance55\/creatia\/#primaryimage\"},\"image\":{\"@id\":\"https:\/\/renaissance55.fr\/index.php\/les-piliers-renaissance55\/creatia\/#primaryimage\"},\"thumbnailUrl\":\"https:\/\/renaissance55.fr\/wp-content\/uploads\/2025\/12\/NU0161360.jpg\",\"datePublished\":\"2025-11-30T08:36:52+00:00\",\"dateModified\":\"2025-12-14T13:44:18+00:00\",\"breadcrumb\":{\"@id\":\"https:\/\/renaissance55.fr\/index.php\/les-piliers-renaissance55\/creatia\/#breadcrumb\"},\"inLanguage\":\"fr-FR\",\"potentialAction\":[{\"@type\":\"ReadAction\",\"target\":[\"https:\/\/renaissance55.fr\/index.php\/les-piliers-renaissance55\/creatia\/\"]}]},{\"@type\":\"ImageObject\",\"inLanguage\":\"fr-FR\",\"@id\":\"https:\/\/renaissance55.fr\/index.php\/les-piliers-renaissance55\/creatia\/#primaryimage\",\"url\":\"https:\/\/renaissance55.fr\/wp-content\/uploads\/2025\/12\/NU0161360.jpg\",\"contentUrl\":\"https:\/\/renaissance55.fr\/wp-content\/uploads\/2025\/12\/NU0161360.jpg\",\"width\":1000,\"height\":1000},{\"@type\":\"BreadcrumbList\",\"@id\":\"https:\/\/renaissance55.fr\/index.php\/les-piliers-renaissance55\/creatia\/#breadcrumb\",\"itemListElement\":[{\"@type\":\"ListItem\",\"position\":1,\"name\":\"Accueil\",\"item\":\"https:\/\/renaissance55.fr\/\"},{\"@type\":\"ListItem\",\"position\":2,\"name\":\"Les Piliers Renaissance55\",\"item\":\"https:\/\/renaissance55.fr\/index.php\/les-piliers-renaissance55\/\"},{\"@type\":\"ListItem\",\"position\":3,\"name\":\"Creatia\"}]},{\"@type\":\"WebSite\",\"@id\":\"https:\/\/renaissance55.fr\/#website\",\"url\":\"https:\/\/renaissance55.fr\/\",\"name\":\"Renaissance55\",\"description\":\"Le programme de transformation personnelle 55+\",\"publisher\":{\"@id\":\"https:\/\/renaissance55.fr\/#organization\"},\"potentialAction\":[{\"@type\":\"SearchAction\",\"target\":{\"@type\":\"EntryPoint\",\"urlTemplate\":\"https:\/\/renaissance55.fr\/?s={search_term_string}\"},\"query-input\":{\"@type\":\"PropertyValueSpecification\",\"valueRequired\":true,\"valueName\":\"search_term_string\"}}],\"inLanguage\":\"fr-FR\"},{\"@type\":\"Organization\",\"@id\":\"https:\/\/renaissance55.fr\/#organization\",\"name\":\"Renaissance55\",\"url\":\"https:\/\/renaissance55.fr\/\",\"logo\":{\"@type\":\"ImageObject\",\"inLanguage\":\"fr-FR\",\"@id\":\"https:\/\/renaissance55.fr\/#\/schema\/logo\/image\/\",\"url\":\"https:\/\/renaissance55.fr\/wp-content\/uploads\/2025\/12\/Logo-de-Renaissance55-moderne-et-epure.jpg\",\"contentUrl\":\"https:\/\/renaissance55.fr\/wp-content\/uploads\/2025\/12\/Logo-de-Renaissance55-moderne-et-epure.jpg\",\"width\":1024,\"height\":1024,\"caption\":\"Renaissance55\"},\"image\":{\"@id\":\"https:\/\/renaissance55.fr\/#\/schema\/logo\/image\/\"},\"sameAs\":[\"https:\/\/www.linkedin.com\/in\/pierreoliviercostagliola\/\"]}]}<\/script>\n<!-- \/ Yoast SEO plugin. -->","yoast_head_json":{"title":"Creatia - Renaissance55","robots":{"index":"index","follow":"follow","max-snippet":"max-snippet:-1","max-image-preview":"max-image-preview:large","max-video-preview":"max-video-preview:-1"},"canonical":"https:\/\/renaissance55.fr\/index.php\/les-piliers-renaissance55\/creatia\/","og_locale":"fr_FR","og_type":"article","og_title":"Creatia - Renaissance55","og_description":"Pilier CREATIA Exprimer, cr\u00e9er et transformer par l\u2019\u00e9lan cr\u00e9atif. \u00ab La cr\u00e9ativit\u00e9, c\u2019est l\u2019intelligence qui s\u2019amuse. \u00bb\u2014 Albert Einstein Fondement [&hellip;]","og_url":"https:\/\/renaissance55.fr\/index.php\/les-piliers-renaissance55\/creatia\/","og_site_name":"Renaissance55","article_modified_time":"2025-12-14T13:44:18+00:00","og_image":[{"width":1000,"height":1000,"url":"https:\/\/renaissance55.fr\/wp-content\/uploads\/2025\/12\/NU0161360.jpg","type":"image\/jpeg"}],"twitter_card":"summary_large_image","twitter_misc":{"Dur\u00e9e de lecture estim\u00e9e":"2 minutes"},"schema":{"@context":"https:\/\/schema.org","@graph":[{"@type":"WebPage","@id":"https:\/\/renaissance55.fr\/index.php\/les-piliers-renaissance55\/creatia\/","url":"https:\/\/renaissance55.fr\/index.php\/les-piliers-renaissance55\/creatia\/","name":"Creatia - Renaissance55","isPartOf":{"@id":"https:\/\/renaissance55.fr\/#website"},"primaryImageOfPage":{"@id":"https:\/\/renaissance55.fr\/index.php\/les-piliers-renaissance55\/creatia\/#primaryimage"},"image":{"@id":"https:\/\/renaissance55.fr\/index.php\/les-piliers-renaissance55\/creatia\/#primaryimage"},"thumbnailUrl":"https:\/\/renaissance55.fr\/wp-content\/uploads\/2025\/12\/NU0161360.jpg","datePublished":"2025-11-30T08:36:52+00:00","dateModified":"2025-12-14T13:44:18+00:00","breadcrumb":{"@id":"https:\/\/renaissance55.fr\/index.php\/les-piliers-renaissance55\/creatia\/#breadcrumb"},"inLanguage":"fr-FR","potentialAction":[{"@type":"ReadAction","target":["https:\/\/renaissance55.fr\/index.php\/les-piliers-renaissance55\/creatia\/"]}]},{"@type":"ImageObject","inLanguage":"fr-FR","@id":"https:\/\/renaissance55.fr\/index.php\/les-piliers-renaissance55\/creatia\/#primaryimage","url":"https:\/\/renaissance55.fr\/wp-content\/uploads\/2025\/12\/NU0161360.jpg","contentUrl":"https:\/\/renaissance55.fr\/wp-content\/uploads\/2025\/12\/NU0161360.jpg","width":1000,"height":1000},{"@type":"BreadcrumbList","@id":"https:\/\/renaissance55.fr\/index.php\/les-piliers-renaissance55\/creatia\/#breadcrumb","itemListElement":[{"@type":"ListItem","position":1,"name":"Accueil","item":"https:\/\/renaissance55.fr\/"},{"@type":"ListItem","position":2,"name":"Les Piliers Renaissance55","item":"https:\/\/renaissance55.fr\/index.php\/les-piliers-renaissance55\/"},{"@type":"ListItem","position":3,"name":"Creatia"}]},{"@type":"WebSite","@id":"https:\/\/renaissance55.fr\/#website","url":"https:\/\/renaissance55.fr\/","name":"Renaissance55","description":"Le programme de transformation personnelle 55+","publisher":{"@id":"https:\/\/renaissance55.fr\/#organization"},"potentialAction":[{"@type":"SearchAction","target":{"@type":"EntryPoint","urlTemplate":"https:\/\/renaissance55.fr\/?s={search_term_string}"},"query-input":{"@type":"PropertyValueSpecification","valueRequired":true,"valueName":"search_term_string"}}],"inLanguage":"fr-FR"},{"@type":"Organization","@id":"https:\/\/renaissance55.fr\/#organization","name":"Renaissance55","url":"https:\/\/renaissance55.fr\/","logo":{"@type":"ImageObject","inLanguage":"fr-FR","@id":"https:\/\/renaissance55.fr\/#\/schema\/logo\/image\/","url":"https:\/\/renaissance55.fr\/wp-content\/uploads\/2025\/12\/Logo-de-Renaissance55-moderne-et-epure.jpg","contentUrl":"https:\/\/renaissance55.fr\/wp-content\/uploads\/2025\/12\/Logo-de-Renaissance55-moderne-et-epure.jpg","width":1024,"height":1024,"caption":"Renaissance55"},"image":{"@id":"https:\/\/renaissance55.fr\/#\/schema\/logo\/image\/"},"sameAs":["https:\/\/www.linkedin.com\/in\/pierreoliviercostagliola\/"]}]}},"_links":{"self":[{"href":"https:\/\/renaissance55.fr\/index.php\/wp-json\/wp\/v2\/pages\/52","targetHints":{"allow":["GET"]}}],"collection":[{"href":"https:\/\/renaissance55.fr\/index.php\/wp-json\/wp\/v2\/pages"}],"about":[{"href":"https:\/\/renaissance55.fr\/index.php\/wp-json\/wp\/v2\/types\/page"}],"author":[{"embeddable":true,"href":"https:\/\/renaissance55.fr\/index.php\/wp-json\/wp\/v2\/users\/1"}],"replies":[{"embeddable":true,"href":"https:\/\/renaissance55.fr\/index.php\/wp-json\/wp\/v2\/comments?post=52"}],"version-history":[{"count":19,"href":"https:\/\/renaissance55.fr\/index.php\/wp-json\/wp\/v2\/pages\/52\/revisions"}],"predecessor-version":[{"id":577,"href":"https:\/\/renaissance55.fr\/index.php\/wp-json\/wp\/v2\/pages\/52\/revisions\/577"}],"up":[{"embeddable":true,"href":"https:\/\/renaissance55.fr\/index.php\/wp-json\/wp\/v2\/pages\/178"}],"wp:attachment":[{"href":"https:\/\/renaissance55.fr\/index.php\/wp-json\/wp\/v2\/media?parent=52"}],"curies":[{"name":"wp","href":"https:\/\/api.w.org\/{rel}","templated":true}]}}